{"id":540,"date":"2024-01-09T19:21:09","date_gmt":"2024-01-09T22:21:09","guid":{"rendered":"https:\/\/www.franciscoleocadio.com.br\/?page_id=540"},"modified":"2024-01-11T12:08:35","modified_gmt":"2024-01-11T15:08:35","slug":"vitrinismo","status":"publish","type":"page","link":"https:\/\/www.franciscoleocadio.com.br\/index.php\/cenografia\/vitrinismo\/","title":{"rendered":"Vitrinismo"},"content":{"rendered":"\t\t<div data-elementor-type=\"wp-page\" data-elementor-id=\"540\" class=\"elementor elementor-540\" data-elementor-post-type=\"page\">\n\t\t\t\t<div class=\"elementor-element elementor-element-32e9448 e-flex e-con-boxed e-con e-parent\" data-id=\"32e9448\" data-element_type=\"container\" data-settings=\"{&quot;background_background&quot;:&quot;classic&quot;}\">\n\t\t\t\t\t<div class=\"e-con-inner\">\n\t\t\t\t<div class=\"elementor-element elementor-element-e4461cb elementor-widget elementor-widget-heading\" data-id=\"e4461cb\" data-element_type=\"widget\" data-widget_type=\"heading.default\">\n\t\t\t\t<div class=\"elementor-widget-container\">\n\t\t\t\t\t<h2 class=\"elementor-heading-title elementor-size-default\">Vitrinismo<\/h2>\t\t\t\t<\/div>\n\t\t\t\t<\/div>\n\t\t\t\t<div class=\"elementor-element elementor-element-468c8d5 elementor-widget elementor-widget-text-editor\" data-id=\"468c8d5\" data-element_type=\"widget\" data-widget_type=\"text-editor.default\">\n\t\t\t\t<div class=\"elementor-widget-container\">\n\t\t\t\t\t\t\t\t\t<p>&#8220;A pr\u00e1tica do vitrinismo est\u00e1 no universo da ambi\u00eancia ef\u00eamera com o objetivo claro de chamar aten\u00e7\u00e3o para algum produto e\/ou mesmo para criar empatia com a loja em um algum per\u00edodo espec\u00edfico do calend\u00e1rio festivo.&#8221;<\/p>\t\t\t\t\t\t\t\t<\/div>\n\t\t\t\t<\/div>\n\t\t\t\t\t<\/div>\n\t\t\t\t<\/div>\n\t\t<div class=\"elementor-element elementor-element-2f38294 e-flex e-con-boxed e-con e-parent\" data-id=\"2f38294\" data-element_type=\"container\" data-settings=\"{&quot;background_background&quot;:&quot;classic&quot;}\">\n\t\t\t\t\t<div class=\"e-con-inner\">\n\t\t<div class=\"elementor-element elementor-element-880eddf e-flex e-con-boxed e-con e-child\" data-id=\"880eddf\" data-element_type=\"container\">\n\t\t\t\t\t<div class=\"e-con-inner\">\n\t\t<div class=\"elementor-element elementor-element-eb58889 e-con-full e-flex e-con e-child\" data-id=\"eb58889\" data-element_type=\"container\">\n\t\t\t\t<div class=\"elementor-element elementor-element-4bb7f45 elementor-widget elementor-widget-heading\" data-id=\"4bb7f45\" data-element_type=\"widget\" data-widget_type=\"heading.default\">\n\t\t\t\t<div class=\"elementor-widget-container\">\n\t\t\t\t\t<h2 class=\"elementor-heading-title elementor-size-default\">Projeto: Vitrine da loja Spazio Casa<\/h2>\t\t\t\t<\/div>\n\t\t\t\t<\/div>\n\t\t\t\t<\/div>\n\t\t<div class=\"elementor-element elementor-element-a425c60 e-con-full e-flex e-con e-child\" data-id=\"a425c60\" data-element_type=\"container\">\n\t\t<div class=\"elementor-element elementor-element-5ac6696 e-flex e-con-boxed e-con e-child\" data-id=\"5ac6696\" data-element_type=\"container\">\n\t\t\t\t\t<div class=\"e-con-inner\">\n\t\t\t\t<div class=\"elementor-element elementor-element-10b060d elementor-widget elementor-widget-gallery\" data-id=\"10b060d\" data-element_type=\"widget\" data-settings=\"{&quot;gallery_layout&quot;:&quot;justified&quot;,&quot;ideal_row_height&quot;:{&quot;unit&quot;:&quot;px&quot;,&quot;size&quot;:300,&quot;sizes&quot;:[]},&quot;ideal_row_height_tablet&quot;:{&quot;unit&quot;:&quot;px&quot;,&quot;size&quot;:200,&quot;sizes&quot;:[]},&quot;ideal_row_height_mobile&quot;:{&quot;unit&quot;:&quot;px&quot;,&quot;size&quot;:200,&quot;sizes&quot;:[]},&quot;lazyload&quot;:&quot;yes&quot;,&quot;gap&quot;:{&quot;unit&quot;:&quot;px&quot;,&quot;size&quot;:10,&quot;sizes&quot;:[]},&quot;gap_tablet&quot;:{&quot;unit&quot;:&quot;px&quot;,&quot;size&quot;:10,&quot;sizes&quot;:[]},&quot;gap_mobile&quot;:{&quot;unit&quot;:&quot;px&quot;,&quot;size&quot;:10,&quot;sizes&quot;:[]},&quot;link_to&quot;:&quot;file&quot;,&quot;overlay_background&quot;:&quot;yes&quot;,&quot;content_hover_animation&quot;:&quot;fade-in&quot;}\" data-widget_type=\"gallery.default\">\n\t\t\t\t<div class=\"elementor-widget-container\">\n\t\t\t\t\t\t\t<div class=\"elementor-gallery__container\">\n\t\t\t\t\t\t\t<a class=\"e-gallery-item elementor-gallery-item elementor-animated-content\" href=\"https:\/\/www.franciscoleocadio.com.br\/wp-content\/uploads\/2024\/01\/clipping-do-resultado-do-concurso-revista-do-JB-ano-1996-1.jpg\" data-elementor-open-lightbox=\"yes\" data-elementor-lightbox-slideshow=\"10b060d\" data-elementor-lightbox-title=\"clipping do resultado do concurso , revista do JB , ano 1996\" data-e-action-hash=\"#elementor-action%3Aaction%3Dlightbox%26settings%3DeyJpZCI6NTk4LCJ1cmwiOiJodHRwczpcL1wvd3d3LmZyYW5jaXNjb2xlb2NhZGlvLmNvbS5iclwvd3AtY29udGVudFwvdXBsb2Fkc1wvMjAyNFwvMDFcL2NsaXBwaW5nLWRvLXJlc3VsdGFkby1kby1jb25jdXJzby1yZXZpc3RhLWRvLUpCLWFuby0xOTk2LTEuanBnIiwic2xpZGVzaG93IjoiMTBiMDYwZCJ9\">\n\t\t\t\t\t<div class=\"e-gallery-image elementor-gallery-item__image\" data-thumbnail=\"https:\/\/www.franciscoleocadio.com.br\/wp-content\/uploads\/2024\/01\/clipping-do-resultado-do-concurso-revista-do-JB-ano-1996-1.jpg\" data-width=\"775\" data-height=\"1041\" aria-label=\"\" role=\"img\" ><\/div>\n\t\t\t\t\t\t\t\t\t\t\t<div class=\"elementor-gallery-item__overlay\"><\/div>\n\t\t\t\t\t\t\t\t\t\t\t\t\t\t<\/a>\n\t\t\t\t\t\t\t<a class=\"e-gallery-item elementor-gallery-item elementor-animated-content\" href=\"https:\/\/www.franciscoleocadio.com.br\/wp-content\/uploads\/2024\/01\/detalhe-vitrine-1-1.jpg\" data-elementor-open-lightbox=\"yes\" data-elementor-lightbox-slideshow=\"10b060d\" data-elementor-lightbox-title=\"detalhe vitrine\" data-e-action-hash=\"#elementor-action%3Aaction%3Dlightbox%26settings%3DeyJpZCI6NTk5LCJ1cmwiOiJodHRwczpcL1wvd3d3LmZyYW5jaXNjb2xlb2NhZGlvLmNvbS5iclwvd3AtY29udGVudFwvdXBsb2Fkc1wvMjAyNFwvMDFcL2RldGFsaGUtdml0cmluZS0xLTEuanBnIiwic2xpZGVzaG93IjoiMTBiMDYwZCJ9\">\n\t\t\t\t\t<div class=\"e-gallery-image elementor-gallery-item__image\" data-thumbnail=\"https:\/\/www.franciscoleocadio.com.br\/wp-content\/uploads\/2024\/01\/detalhe-vitrine-1-1.jpg\" data-width=\"400\" data-height=\"272\" aria-label=\"\" role=\"img\" ><\/div>\n\t\t\t\t\t\t\t\t\t\t\t<div class=\"elementor-gallery-item__overlay\"><\/div>\n\t\t\t\t\t\t\t\t\t\t\t\t\t\t<\/a>\n\t\t\t\t\t\t\t<a class=\"e-gallery-item elementor-gallery-item elementor-animated-content\" href=\"https:\/\/www.franciscoleocadio.com.br\/wp-content\/uploads\/2024\/01\/vitrine-limao-spazio-casa_0002-1.jpg\" data-elementor-open-lightbox=\"yes\" data-elementor-lightbox-slideshow=\"10b060d\" data-elementor-lightbox-title=\"vitrine lim\u00e3o spazio casa_0002\" data-e-action-hash=\"#elementor-action%3Aaction%3Dlightbox%26settings%3DeyJpZCI6NjQ1LCJ1cmwiOiJodHRwczpcL1wvd3d3LmZyYW5jaXNjb2xlb2NhZGlvLmNvbS5iclwvd3AtY29udGVudFwvdXBsb2Fkc1wvMjAyNFwvMDFcL3ZpdHJpbmUtbGltYW8tc3BhemlvLWNhc2FfMDAwMi0xLmpwZyIsInNsaWRlc2hvdyI6IjEwYjA2MGQifQ%3D%3D\">\n\t\t\t\t\t<div class=\"e-gallery-image elementor-gallery-item__image\" data-thumbnail=\"https:\/\/www.franciscoleocadio.com.br\/wp-content\/uploads\/2024\/01\/vitrine-limao-spazio-casa_0002-1.jpg\" data-width=\"1200\" data-height=\"1538\" aria-label=\"Vitrinismo Casa Spazio\" role=\"img\" ><\/div>\n\t\t\t\t\t\t\t\t\t\t\t<div class=\"elementor-gallery-item__overlay\"><\/div>\n\t\t\t\t\t\t\t\t\t\t\t\t\t\t<\/a>\n\t\t\t\t\t\t\t<a class=\"e-gallery-item elementor-gallery-item elementor-animated-content\" href=\"https:\/\/www.franciscoleocadio.com.br\/wp-content\/uploads\/2024\/01\/vitrine-limao-spazio-casa_0003.jpg\" data-elementor-open-lightbox=\"yes\" data-elementor-lightbox-slideshow=\"10b060d\" data-elementor-lightbox-title=\"vitrine lim\u00e3o spazio casa_0003\" data-e-action-hash=\"#elementor-action%3Aaction%3Dlightbox%26settings%3DeyJpZCI6NjQ2LCJ1cmwiOiJodHRwczpcL1wvd3d3LmZyYW5jaXNjb2xlb2NhZGlvLmNvbS5iclwvd3AtY29udGVudFwvdXBsb2Fkc1wvMjAyNFwvMDFcL3ZpdHJpbmUtbGltYW8tc3BhemlvLWNhc2FfMDAwMy5qcGciLCJzbGlkZXNob3ciOiIxMGIwNjBkIn0%3D\">\n\t\t\t\t\t<div class=\"e-gallery-image elementor-gallery-item__image\" data-thumbnail=\"https:\/\/www.franciscoleocadio.com.br\/wp-content\/uploads\/2024\/01\/vitrine-limao-spazio-casa_0003.jpg\" data-width=\"1259\" data-height=\"1613\" aria-label=\"Vitrinismo Casa Spazio\" role=\"img\" ><\/div>\n\t\t\t\t\t\t\t\t\t\t\t<div class=\"elementor-gallery-item__overlay\"><\/div>\n\t\t\t\t\t\t\t\t\t\t\t\t\t\t<\/a>\n\t\t\t\t\t\t\t<a class=\"e-gallery-item elementor-gallery-item elementor-animated-content\" href=\"https:\/\/www.franciscoleocadio.com.br\/wp-content\/uploads\/2024\/01\/vitrine-limao-spazio-casa_0004.jpg\" data-elementor-open-lightbox=\"yes\" data-elementor-lightbox-slideshow=\"10b060d\" data-elementor-lightbox-title=\"vitrine lim\u00e3o spazio casa_0004\" data-e-action-hash=\"#elementor-action%3Aaction%3Dlightbox%26settings%3DeyJpZCI6NjQ3LCJ1cmwiOiJodHRwczpcL1wvd3d3LmZyYW5jaXNjb2xlb2NhZGlvLmNvbS5iclwvd3AtY29udGVudFwvdXBsb2Fkc1wvMjAyNFwvMDFcL3ZpdHJpbmUtbGltYW8tc3BhemlvLWNhc2FfMDAwNC5qcGciLCJzbGlkZXNob3ciOiIxMGIwNjBkIn0%3D\">\n\t\t\t\t\t<div class=\"e-gallery-image elementor-gallery-item__image\" data-thumbnail=\"https:\/\/www.franciscoleocadio.com.br\/wp-content\/uploads\/2024\/01\/vitrine-limao-spazio-casa_0004.jpg\" data-width=\"1287\" data-height=\"1765\" aria-label=\"Vitrinismo Casa Spazio\" role=\"img\" ><\/div>\n\t\t\t\t\t\t\t\t\t\t\t<div class=\"elementor-gallery-item__overlay\"><\/div>\n\t\t\t\t\t\t\t\t\t\t\t\t\t\t<\/a>\n\t\t\t\t\t\t\t<a class=\"e-gallery-item elementor-gallery-item elementor-animated-content\" href=\"https:\/\/www.franciscoleocadio.com.br\/wp-content\/uploads\/2024\/01\/vitrine-limao-spazio-casa_0012.jpg\" data-elementor-open-lightbox=\"yes\" data-elementor-lightbox-slideshow=\"10b060d\" data-elementor-lightbox-title=\"vitrine lim\u00e3o spazio casa_0012\" data-e-action-hash=\"#elementor-action%3Aaction%3Dlightbox%26settings%3DeyJpZCI6NjQ4LCJ1cmwiOiJodHRwczpcL1wvd3d3LmZyYW5jaXNjb2xlb2NhZGlvLmNvbS5iclwvd3AtY29udGVudFwvdXBsb2Fkc1wvMjAyNFwvMDFcL3ZpdHJpbmUtbGltYW8tc3BhemlvLWNhc2FfMDAxMi5qcGciLCJzbGlkZXNob3ciOiIxMGIwNjBkIn0%3D\">\n\t\t\t\t\t<div class=\"e-gallery-image elementor-gallery-item__image\" data-thumbnail=\"https:\/\/www.franciscoleocadio.com.br\/wp-content\/uploads\/2024\/01\/vitrine-limao-spazio-casa_0012.jpg\" data-width=\"1228\" data-height=\"777\" aria-label=\"Vitrinismo Casa Spazio\" role=\"img\" ><\/div>\n\t\t\t\t\t\t\t\t\t\t\t<div class=\"elementor-gallery-item__overlay\"><\/div>\n\t\t\t\t\t\t\t\t\t\t\t\t\t\t<\/a>\n\t\t\t\t\t<\/div>\n\t\t\t\t\t<\/div>\n\t\t\t\t<\/div>\n\t\t\t\t\t<\/div>\n\t\t\t\t<\/div>\n\t\t<div class=\"elementor-element elementor-element-8e5a9e1 e-flex e-con-boxed e-con e-child\" data-id=\"8e5a9e1\" data-element_type=\"container\">\n\t\t\t\t\t<div class=\"e-con-inner\">\n\t\t<div class=\"elementor-element elementor-element-f073e14 e-flex e-con-boxed e-con e-child\" data-id=\"f073e14\" data-element_type=\"container\">\n\t\t\t\t\t<div class=\"e-con-inner\">\n\t\t\t\t<div class=\"elementor-element elementor-element-d51d015 elementor-widget elementor-widget-text-editor\" data-id=\"d51d015\" data-element_type=\"widget\" data-widget_type=\"text-editor.default\">\n\t\t\t\t<div class=\"elementor-widget-container\">\n\t\t\t\t\t\t\t\t\t<p><strong>Descri\u00e7\u00e3o<\/strong>:<\/p><p>Vitrine para a loja de m\u00f3veis planejados Spazio Casa, por ocasi\u00e3o do concurso de vitrines do CasaShopping.<\/p><p>O projeto foi criado em parceria com a arquiteta Marcia Lima. Motivado pela cor do mobili\u00e1rio existente na vitrine, o lim\u00e3o foi pensado como elemento b\u00e1sico, associado ao fato da configura\u00e7\u00e3o ser a de uma cozinha. As formas foram surgindo de modo a remeter \u00e0s arruma\u00e7\u00f5es do lim\u00e3o nas feiras livres, como a pir\u00e2mide de lim\u00e3o que \u00e9 o ponto focal maior da interven\u00e7\u00e3o.<\/p><p>Espremedores e caixotes de feira tamb\u00e9m entraram na composi\u00e7\u00e3o, que nos levou ao primeiro lugar do concurso.<\/p>\t\t\t\t\t\t\t\t<\/div>\n\t\t\t\t<\/div>\n\t\t\t\t\t<\/div>\n\t\t\t\t<\/div>\n\t\t<div class=\"elementor-element elementor-element-e261fb8 e-flex e-con-boxed e-con e-child\" data-id=\"e261fb8\" data-element_type=\"container\">\n\t\t\t\t\t<div class=\"e-con-inner\">\n\t\t\t\t<div class=\"elementor-element elementor-element-a3b500b elementor-widget__width-initial elementor-widget elementor-widget-text-editor\" data-id=\"a3b500b\" data-element_type=\"widget\" data-widget_type=\"text-editor.default\">\n\t\t\t\t<div class=\"elementor-widget-container\">\n\t\t\t\t\t\t\t\t\t<p><strong>Ficha T\u00e9cnica<\/strong>:<\/p><p>Co-autoria: Marcia Lima Arquitetura<\/p><p>Local: Casashopping- Rio de Janeiro<\/p><p>Ano: 1996<\/p><p>OBS: 1\u00ba lugar Concurso de Vitrines Casashopping<\/p>\t\t\t\t\t\t\t\t<\/div>\n\t\t\t\t<\/div>\n\t\t\t\t\t<\/div>\n\t\t\t\t<\/div>\n\t\t\t\t\t<\/div>\n\t\t\t\t<\/div>\n\t\t\t\t<\/div>\n\t\t\t\t\t<\/div>\n\t\t\t\t<\/div>\n\t\t\t\t\t<\/div>\n\t\t\t\t<\/div>\n\t\t\t\t<\/div>\n\t\t","protected":false},"excerpt":{"rendered":"<p>Vitrinismo &#8220;A pr\u00e1tica do vitrinismo est\u00e1 no universo da ambi\u00eancia ef\u00eamera com o objetivo claro de chamar aten\u00e7\u00e3o para algum produto e\/ou mesmo para criar empatia com a loja em um algum per\u00edodo espec\u00edfico do calend\u00e1rio festivo.&#8221; Projeto: Vitrine da loja Spazio Casa Descri\u00e7\u00e3o: Vitrine para a loja de m\u00f3veis planejados Spazio Casa, por ocasi\u00e3o [&hellip;]<\/p>\n","protected":false},"author":1,"featured_media":0,"parent":16,"menu_order":0,"comment_status":"closed","ping_status":"closed","template":"","meta":{"footnotes":""},"class_list":["post-540","page","type-page","status-publish","hentry"],"_links":{"self":[{"href":"https:\/\/www.franciscoleocadio.com.br\/index.php\/wp-json\/wp\/v2\/pages\/540","targetHints":{"allow":["GET"]}}],"collection":[{"href":"https:\/\/www.franciscoleocadio.com.br\/index.php\/wp-json\/wp\/v2\/pages"}],"about":[{"href":"https:\/\/www.franciscoleocadio.com.br\/index.php\/wp-json\/wp\/v2\/types\/page"}],"author":[{"embeddable":true,"href":"https:\/\/www.franciscoleocadio.com.br\/index.php\/wp-json\/wp\/v2\/users\/1"}],"replies":[{"embeddable":true,"href":"https:\/\/www.franciscoleocadio.com.br\/index.php\/wp-json\/wp\/v2\/comments?post=540"}],"version-history":[{"count":10,"href":"https:\/\/www.franciscoleocadio.com.br\/index.php\/wp-json\/wp\/v2\/pages\/540\/revisions"}],"predecessor-version":[{"id":654,"href":"https:\/\/www.franciscoleocadio.com.br\/index.php\/wp-json\/wp\/v2\/pages\/540\/revisions\/654"}],"up":[{"embeddable":true,"href":"https:\/\/www.franciscoleocadio.com.br\/index.php\/wp-json\/wp\/v2\/pages\/16"}],"wp:attachment":[{"href":"https:\/\/www.franciscoleocadio.com.br\/index.php\/wp-json\/wp\/v2\/media?parent=540"}],"curies":[{"name":"wp","href":"https:\/\/api.w.org\/{rel}","templated":true}]}}