{"id":536,"date":"2024-01-09T19:20:22","date_gmt":"2024-01-09T22:20:22","guid":{"rendered":"https:\/\/www.franciscoleocadio.com.br\/?page_id=536"},"modified":"2024-01-16T17:19:03","modified_gmt":"2024-01-16T20:19:03","slug":"expografia","status":"publish","type":"page","link":"https:\/\/www.franciscoleocadio.com.br\/index.php\/cenografia\/expografia\/","title":{"rendered":"Expografia"},"content":{"rendered":"\t\t<div data-elementor-type=\"wp-page\" data-elementor-id=\"536\" class=\"elementor elementor-536\" data-elementor-post-type=\"page\">\n\t\t\t\t<div class=\"elementor-element elementor-element-8001903 e-flex e-con-boxed e-con e-parent\" data-id=\"8001903\" data-element_type=\"container\" data-settings=\"{&quot;background_background&quot;:&quot;classic&quot;}\">\n\t\t\t\t\t<div class=\"e-con-inner\">\n\t\t\t\t<div class=\"elementor-element elementor-element-93ae15c elementor-widget elementor-widget-heading\" data-id=\"93ae15c\" data-element_type=\"widget\" data-widget_type=\"heading.default\">\n\t\t\t\t<div class=\"elementor-widget-container\">\n\t\t\t\t\t<h2 class=\"elementor-heading-title elementor-size-default\">Expografia<\/h2>\t\t\t\t<\/div>\n\t\t\t\t<\/div>\n\t\t\t\t<div class=\"elementor-element elementor-element-1b2eb82 elementor-widget elementor-widget-text-editor\" data-id=\"1b2eb82\" data-element_type=\"widget\" data-widget_type=\"text-editor.default\">\n\t\t\t\t<div class=\"elementor-widget-container\">\n\t\t\t\t\t\t\t\t\t<p>&#8220;Considero o pavilh\u00e3o da\u00a0mostra dos estudantes na Quadrienal\u00a0de Praga de 2019 \u00e9 um dos destaques\u00a0recentes da minha pr\u00e1tica criativa, um\u00a0processo compartilhado com mais\u00a0tr\u00eas amigas, todas envolvidas no exerc\u00edcio acad\u00eamico e profissional.&#8221;<\/p>\t\t\t\t\t\t\t\t<\/div>\n\t\t\t\t<\/div>\n\t\t\t\t\t<\/div>\n\t\t\t\t<\/div>\n\t\t<div class=\"elementor-element elementor-element-d2763a3 e-flex e-con-boxed e-con e-parent\" data-id=\"d2763a3\" data-element_type=\"container\" data-settings=\"{&quot;background_background&quot;:&quot;classic&quot;}\">\n\t\t\t\t\t<div class=\"e-con-inner\">\n\t\t<div class=\"elementor-element elementor-element-c568f87 e-flex e-con-boxed e-con e-child\" data-id=\"c568f87\" data-element_type=\"container\">\n\t\t\t\t\t<div class=\"e-con-inner\">\n\t\t<div class=\"elementor-element elementor-element-bbd0755 e-con-full e-flex e-con e-child\" data-id=\"bbd0755\" data-element_type=\"container\">\n\t\t\t\t<div class=\"elementor-element elementor-element-0ca65ae elementor-widget elementor-widget-heading\" data-id=\"0ca65ae\" data-element_type=\"widget\" data-widget_type=\"heading.default\">\n\t\t\t\t<div class=\"elementor-widget-container\">\n\t\t\t\t\t<h2 class=\"elementor-heading-title elementor-size-default\">Projeto: Da imagina\u00e7\u00e3o \u00e0 realidade - espa\u00e7os expositivos e a est\u00e9tica do improviso<\/h2>\t\t\t\t<\/div>\n\t\t\t\t<\/div>\n\t\t\t\t<\/div>\n\t\t<div class=\"elementor-element elementor-element-a260aa2 e-con-full e-flex e-con e-child\" data-id=\"a260aa2\" data-element_type=\"container\">\n\t\t<div class=\"elementor-element elementor-element-3863652 e-flex e-con-boxed e-con e-child\" data-id=\"3863652\" data-element_type=\"container\">\n\t\t\t\t\t<div class=\"e-con-inner\">\n\t\t\t\t<div class=\"elementor-element elementor-element-1fa9159 elementor-widget elementor-widget-gallery\" data-id=\"1fa9159\" data-element_type=\"widget\" data-settings=\"{&quot;gallery_layout&quot;:&quot;justified&quot;,&quot;ideal_row_height_mobile&quot;:{&quot;unit&quot;:&quot;px&quot;,&quot;size&quot;:100,&quot;sizes&quot;:[]},&quot;lazyload&quot;:&quot;yes&quot;,&quot;ideal_row_height&quot;:{&quot;unit&quot;:&quot;px&quot;,&quot;size&quot;:200,&quot;sizes&quot;:[]},&quot;ideal_row_height_tablet&quot;:{&quot;unit&quot;:&quot;px&quot;,&quot;size&quot;:150,&quot;sizes&quot;:[]},&quot;gap&quot;:{&quot;unit&quot;:&quot;px&quot;,&quot;size&quot;:10,&quot;sizes&quot;:[]},&quot;gap_tablet&quot;:{&quot;unit&quot;:&quot;px&quot;,&quot;size&quot;:10,&quot;sizes&quot;:[]},&quot;gap_mobile&quot;:{&quot;unit&quot;:&quot;px&quot;,&quot;size&quot;:10,&quot;sizes&quot;:[]},&quot;link_to&quot;:&quot;file&quot;,&quot;overlay_background&quot;:&quot;yes&quot;,&quot;content_hover_animation&quot;:&quot;fade-in&quot;}\" data-widget_type=\"gallery.default\">\n\t\t\t\t<div class=\"elementor-widget-container\">\n\t\t\t\t\t\t\t<div class=\"elementor-gallery__container\">\n\t\t\t\t\t\t\t<a class=\"e-gallery-item elementor-gallery-item elementor-animated-content\" href=\"https:\/\/www.franciscoleocadio.com.br\/wp-content\/uploads\/2024\/01\/detalhe-do-paavilhao-montado-foto-Francisco-Leocadio-2-scaled.jpg\" data-elementor-open-lightbox=\"yes\" data-elementor-lightbox-slideshow=\"1fa9159\" data-elementor-lightbox-title=\"detalhe do paavilh\u00e3o montado foto Francisco Leoc\u00e1dio 2\" data-e-action-hash=\"#elementor-action%3Aaction%3Dlightbox%26settings%3DeyJpZCI6NTY4LCJ1cmwiOiJodHRwczpcL1wvd3d3LmZyYW5jaXNjb2xlb2NhZGlvLmNvbS5iclwvd3AtY29udGVudFwvdXBsb2Fkc1wvMjAyNFwvMDFcL2RldGFsaGUtZG8tcGFhdmlsaGFvLW1vbnRhZG8tZm90by1GcmFuY2lzY28tTGVvY2FkaW8tMi1zY2FsZWQuanBnIiwic2xpZGVzaG93IjoiMWZhOTE1OSJ9\">\n\t\t\t\t\t<div class=\"e-gallery-image elementor-gallery-item__image\" data-thumbnail=\"https:\/\/www.franciscoleocadio.com.br\/wp-content\/uploads\/2024\/01\/detalhe-do-paavilhao-montado-foto-Francisco-Leocadio-2-scaled.jpg\" data-width=\"2560\" data-height=\"1920\" aria-label=\"\" role=\"img\" ><\/div>\n\t\t\t\t\t\t\t\t\t\t\t<div class=\"elementor-gallery-item__overlay\"><\/div>\n\t\t\t\t\t\t\t\t\t\t\t\t\t\t<\/a>\n\t\t\t\t\t\t\t<a class=\"e-gallery-item elementor-gallery-item elementor-animated-content\" href=\"https:\/\/www.franciscoleocadio.com.br\/wp-content\/uploads\/2024\/01\/detalhe-do-paavilhao-montado-foto-Francisco-Leocadio-3-1-scaled.jpg\" data-elementor-open-lightbox=\"yes\" data-elementor-lightbox-slideshow=\"1fa9159\" data-elementor-lightbox-title=\"detalhe do paavilh\u00e3o montado foto Francisco Leoc\u00e1dio 3\" data-e-action-hash=\"#elementor-action%3Aaction%3Dlightbox%26settings%3DeyJpZCI6NTY5LCJ1cmwiOiJodHRwczpcL1wvd3d3LmZyYW5jaXNjb2xlb2NhZGlvLmNvbS5iclwvd3AtY29udGVudFwvdXBsb2Fkc1wvMjAyNFwvMDFcL2RldGFsaGUtZG8tcGFhdmlsaGFvLW1vbnRhZG8tZm90by1GcmFuY2lzY28tTGVvY2FkaW8tMy0xLXNjYWxlZC5qcGciLCJzbGlkZXNob3ciOiIxZmE5MTU5In0%3D\">\n\t\t\t\t\t<div class=\"e-gallery-image elementor-gallery-item__image\" data-thumbnail=\"https:\/\/www.franciscoleocadio.com.br\/wp-content\/uploads\/2024\/01\/detalhe-do-paavilhao-montado-foto-Francisco-Leocadio-3-1-scaled.jpg\" data-width=\"2560\" data-height=\"1920\" aria-label=\"\" role=\"img\" ><\/div>\n\t\t\t\t\t\t\t\t\t\t\t<div class=\"elementor-gallery-item__overlay\"><\/div>\n\t\t\t\t\t\t\t\t\t\t\t\t\t\t<\/a>\n\t\t\t\t\t\t\t<a class=\"e-gallery-item elementor-gallery-item elementor-animated-content\" href=\"https:\/\/www.franciscoleocadio.com.br\/wp-content\/uploads\/2024\/01\/detalhe-do-paavilhao-montado-foto-Francisco-Leocadio-scaled.jpg\" data-elementor-open-lightbox=\"yes\" data-elementor-lightbox-slideshow=\"1fa9159\" data-elementor-lightbox-title=\"detalhe do paavilh\u00e3o montado foto Francisco Leoc\u00e1dio\" data-e-action-hash=\"#elementor-action%3Aaction%3Dlightbox%26settings%3DeyJpZCI6NTcxLCJ1cmwiOiJodHRwczpcL1wvd3d3LmZyYW5jaXNjb2xlb2NhZGlvLmNvbS5iclwvd3AtY29udGVudFwvdXBsb2Fkc1wvMjAyNFwvMDFcL2RldGFsaGUtZG8tcGFhdmlsaGFvLW1vbnRhZG8tZm90by1GcmFuY2lzY28tTGVvY2FkaW8tc2NhbGVkLmpwZyIsInNsaWRlc2hvdyI6IjFmYTkxNTkifQ%3D%3D\">\n\t\t\t\t\t<div class=\"e-gallery-image elementor-gallery-item__image\" data-thumbnail=\"https:\/\/www.franciscoleocadio.com.br\/wp-content\/uploads\/2024\/01\/detalhe-do-paavilhao-montado-foto-Francisco-Leocadio-scaled.jpg\" data-width=\"2560\" data-height=\"1920\" aria-label=\"\" role=\"img\" ><\/div>\n\t\t\t\t\t\t\t\t\t\t\t<div class=\"elementor-gallery-item__overlay\"><\/div>\n\t\t\t\t\t\t\t\t\t\t\t\t\t\t<\/a>\n\t\t\t\t\t\t\t<a class=\"e-gallery-item elementor-gallery-item elementor-animated-content\" href=\"https:\/\/www.franciscoleocadio.com.br\/wp-content\/uploads\/2024\/01\/foto-da-maquete-scaled.jpg\" data-elementor-open-lightbox=\"yes\" data-elementor-lightbox-slideshow=\"1fa9159\" data-elementor-lightbox-title=\"foto da maquete\" data-e-action-hash=\"#elementor-action%3Aaction%3Dlightbox%26settings%3DeyJpZCI6NTcyLCJ1cmwiOiJodHRwczpcL1wvd3d3LmZyYW5jaXNjb2xlb2NhZGlvLmNvbS5iclwvd3AtY29udGVudFwvdXBsb2Fkc1wvMjAyNFwvMDFcL2ZvdG8tZGEtbWFxdWV0ZS1zY2FsZWQuanBnIiwic2xpZGVzaG93IjoiMWZhOTE1OSJ9\">\n\t\t\t\t\t<div class=\"e-gallery-image elementor-gallery-item__image\" data-thumbnail=\"https:\/\/www.franciscoleocadio.com.br\/wp-content\/uploads\/2024\/01\/foto-da-maquete-scaled.jpg\" data-width=\"1792\" data-height=\"2560\" aria-label=\"\" role=\"img\" ><\/div>\n\t\t\t\t\t\t\t\t\t\t\t<div class=\"elementor-gallery-item__overlay\"><\/div>\n\t\t\t\t\t\t\t\t\t\t\t\t\t\t<\/a>\n\t\t\t\t\t\t\t<a class=\"e-gallery-item elementor-gallery-item elementor-animated-content\" href=\"https:\/\/www.franciscoleocadio.com.br\/wp-content\/uploads\/2024\/01\/inicio-da-montagem-scaled.jpg\" data-elementor-open-lightbox=\"yes\" data-elementor-lightbox-slideshow=\"1fa9159\" data-elementor-lightbox-title=\"in\u00edcio da montagem\" data-e-action-hash=\"#elementor-action%3Aaction%3Dlightbox%26settings%3DeyJpZCI6NTczLCJ1cmwiOiJodHRwczpcL1wvd3d3LmZyYW5jaXNjb2xlb2NhZGlvLmNvbS5iclwvd3AtY29udGVudFwvdXBsb2Fkc1wvMjAyNFwvMDFcL2luaWNpby1kYS1tb250YWdlbS1zY2FsZWQuanBnIiwic2xpZGVzaG93IjoiMWZhOTE1OSJ9\">\n\t\t\t\t\t<div class=\"e-gallery-image elementor-gallery-item__image\" data-thumbnail=\"https:\/\/www.franciscoleocadio.com.br\/wp-content\/uploads\/2024\/01\/inicio-da-montagem-scaled.jpg\" data-width=\"1920\" data-height=\"2560\" aria-label=\"\" role=\"img\" ><\/div>\n\t\t\t\t\t\t\t\t\t\t\t<div class=\"elementor-gallery-item__overlay\"><\/div>\n\t\t\t\t\t\t\t\t\t\t\t\t\t\t<\/a>\n\t\t\t\t\t\t\t<a class=\"e-gallery-item elementor-gallery-item elementor-animated-content\" href=\"https:\/\/www.franciscoleocadio.com.br\/wp-content\/uploads\/2024\/01\/lay-out-inicial-da-proposta.jpg\" data-elementor-open-lightbox=\"yes\" data-elementor-lightbox-slideshow=\"1fa9159\" data-elementor-lightbox-title=\"lay out inicial da proposta\" data-e-action-hash=\"#elementor-action%3Aaction%3Dlightbox%26settings%3DeyJpZCI6NTc0LCJ1cmwiOiJodHRwczpcL1wvd3d3LmZyYW5jaXNjb2xlb2NhZGlvLmNvbS5iclwvd3AtY29udGVudFwvdXBsb2Fkc1wvMjAyNFwvMDFcL2xheS1vdXQtaW5pY2lhbC1kYS1wcm9wb3N0YS5qcGciLCJzbGlkZXNob3ciOiIxZmE5MTU5In0%3D\">\n\t\t\t\t\t<div class=\"e-gallery-image elementor-gallery-item__image\" data-thumbnail=\"https:\/\/www.franciscoleocadio.com.br\/wp-content\/uploads\/2024\/01\/lay-out-inicial-da-proposta.jpg\" data-width=\"1276\" data-height=\"848\" aria-label=\"\" role=\"img\" ><\/div>\n\t\t\t\t\t\t\t\t\t\t\t<div class=\"elementor-gallery-item__overlay\"><\/div>\n\t\t\t\t\t\t\t\t\t\t\t\t\t\t<\/a>\n\t\t\t\t\t\t\t<a class=\"e-gallery-item elementor-gallery-item elementor-animated-content\" href=\"https:\/\/www.franciscoleocadio.com.br\/wp-content\/uploads\/2024\/01\/pavilhao-executado-foto-autor-nao-identificado.jpg\" data-elementor-open-lightbox=\"yes\" data-elementor-lightbox-slideshow=\"1fa9159\" data-elementor-lightbox-title=\"pavilh\u00e3o executado, foto autor n\u00e3o identificado\" data-e-action-hash=\"#elementor-action%3Aaction%3Dlightbox%26settings%3DeyJpZCI6NTc1LCJ1cmwiOiJodHRwczpcL1wvd3d3LmZyYW5jaXNjb2xlb2NhZGlvLmNvbS5iclwvd3AtY29udGVudFwvdXBsb2Fkc1wvMjAyNFwvMDFcL3BhdmlsaGFvLWV4ZWN1dGFkby1mb3RvLWF1dG9yLW5hby1pZGVudGlmaWNhZG8uanBnIiwic2xpZGVzaG93IjoiMWZhOTE1OSJ9\">\n\t\t\t\t\t<div class=\"e-gallery-image elementor-gallery-item__image\" data-thumbnail=\"https:\/\/www.franciscoleocadio.com.br\/wp-content\/uploads\/2024\/01\/pavilhao-executado-foto-autor-nao-identificado.jpg\" data-width=\"891\" data-height=\"669\" aria-label=\"\" role=\"img\" ><\/div>\n\t\t\t\t\t\t\t\t\t\t\t<div class=\"elementor-gallery-item__overlay\"><\/div>\n\t\t\t\t\t\t\t\t\t\t\t\t\t\t<\/a>\n\t\t\t\t\t<\/div>\n\t\t\t\t\t<\/div>\n\t\t\t\t<\/div>\n\t\t\t\t\t<\/div>\n\t\t\t\t<\/div>\n\t\t<div class=\"elementor-element elementor-element-83f2c24 e-flex e-con-boxed e-con e-child\" data-id=\"83f2c24\" data-element_type=\"container\">\n\t\t\t\t\t<div class=\"e-con-inner\">\n\t\t<div class=\"elementor-element elementor-element-2c8cea6 e-flex e-con-boxed e-con e-child\" data-id=\"2c8cea6\" data-element_type=\"container\">\n\t\t\t\t\t<div class=\"e-con-inner\">\n\t\t\t\t<div class=\"elementor-element elementor-element-02e4323 elementor-widget elementor-widget-text-editor\" data-id=\"02e4323\" data-element_type=\"widget\" data-widget_type=\"text-editor.default\">\n\t\t\t\t<div class=\"elementor-widget-container\">\n\t\t\t\t\t\t\t\t\t<p><strong>Descri\u00e7\u00e3o<\/strong>:<\/p><p>Espa\u00e7o expositivo vencedor de concurso para abrigar a Mostra dos Estudantes Brasileiros <i>na Prague <\/i><i>Quadrennial<\/i> <i>of<\/i><i> Performance Design <\/i><i>and<\/i><i> Space 2019<\/i>.<\/p><p>Praga &#8211; Rep\u00fablica Tcheca<\/p>\t\t\t\t\t\t\t\t<\/div>\n\t\t\t\t<\/div>\n\t\t\t\t\t<\/div>\n\t\t\t\t<\/div>\n\t\t<div class=\"elementor-element elementor-element-66286ce e-flex e-con-boxed e-con e-child\" data-id=\"66286ce\" data-element_type=\"container\">\n\t\t\t\t\t<div class=\"e-con-inner\">\n\t\t\t\t<div class=\"elementor-element elementor-element-c0679f2 elementor-widget__width-initial elementor-widget elementor-widget-text-editor\" data-id=\"c0679f2\" data-element_type=\"widget\" data-widget_type=\"text-editor.default\">\n\t\t\t\t<div class=\"elementor-widget-container\">\n\t\t\t\t\t\t\t\t\t<p><strong>Ficha T\u00e9cnica<\/strong>:<\/p><p>Concep\u00e7\u00e3o e desenvolvimento de projeto: Carolina Lyra, Francisco Leoc\u00e1dio, Joana Lavall\u00e9 e Sara Fagundes<\/p><p>Orienta\u00e7\u00e3o: Evelyn F. W. Lima<\/p><p>Montagem: Francisco Leoc\u00e1dio, Sara Fagundes, Lu\u00eds Henrique S\u00e1 e Andr\u00e9\u00a0Sanches<\/p><p>Local: Quadrienal de Praga, Praga, Rep\u00fablica Tcheca<\/p><p>Ano: 2019<\/p>\t\t\t\t\t\t\t\t<\/div>\n\t\t\t\t<\/div>\n\t\t\t\t\t<\/div>\n\t\t\t\t<\/div>\n\t\t\t\t\t<\/div>\n\t\t\t\t<\/div>\n\t\t\t\t<\/div>\n\t\t\t\t\t<\/div>\n\t\t\t\t<\/div>\n\t\t\t\t\t<\/div>\n\t\t\t\t<\/div>\n\t\t\t\t<\/div>\n\t\t","protected":false},"excerpt":{"rendered":"<p>Expografia &#8220;Considero o pavilh\u00e3o da\u00a0mostra dos estudantes na Quadrienal\u00a0de Praga de 2019 \u00e9 um dos destaques\u00a0recentes da minha pr\u00e1tica criativa, um\u00a0processo compartilhado com mais\u00a0tr\u00eas amigas, todas envolvidas no exerc\u00edcio acad\u00eamico e profissional.&#8221; Projeto: Da imagina\u00e7\u00e3o \u00e0 realidade &#8211; espa\u00e7os expositivos e a est\u00e9tica do improviso Descri\u00e7\u00e3o: Espa\u00e7o expositivo vencedor de concurso para abrigar a Mostra [&hellip;]<\/p>\n","protected":false},"author":1,"featured_media":0,"parent":16,"menu_order":0,"comment_status":"closed","ping_status":"closed","template":"","meta":{"footnotes":""},"class_list":["post-536","page","type-page","status-publish","hentry"],"_links":{"self":[{"href":"https:\/\/www.franciscoleocadio.com.br\/index.php\/wp-json\/wp\/v2\/pages\/536","targetHints":{"allow":["GET"]}}],"collection":[{"href":"https:\/\/www.franciscoleocadio.com.br\/index.php\/wp-json\/wp\/v2\/pages"}],"about":[{"href":"https:\/\/www.franciscoleocadio.com.br\/index.php\/wp-json\/wp\/v2\/types\/page"}],"author":[{"embeddable":true,"href":"https:\/\/www.franciscoleocadio.com.br\/index.php\/wp-json\/wp\/v2\/users\/1"}],"replies":[{"embeddable":true,"href":"https:\/\/www.franciscoleocadio.com.br\/index.php\/wp-json\/wp\/v2\/comments?post=536"}],"version-history":[{"count":16,"href":"https:\/\/www.franciscoleocadio.com.br\/index.php\/wp-json\/wp\/v2\/pages\/536\/revisions"}],"predecessor-version":[{"id":687,"href":"https:\/\/www.franciscoleocadio.com.br\/index.php\/wp-json\/wp\/v2\/pages\/536\/revisions\/687"}],"up":[{"embeddable":true,"href":"https:\/\/www.franciscoleocadio.com.br\/index.php\/wp-json\/wp\/v2\/pages\/16"}],"wp:attachment":[{"href":"https:\/\/www.franciscoleocadio.com.br\/index.php\/wp-json\/wp\/v2\/media?parent=536"}],"curies":[{"name":"wp","href":"https:\/\/api.w.org\/{rel}","templated":true}]}}