{"id":16,"date":"2023-11-28T17:12:28","date_gmt":"2023-11-28T20:12:28","guid":{"rendered":"https:\/\/www.franciscoleocadio.com.br\/?page_id=16"},"modified":"2024-06-12T12:14:28","modified_gmt":"2024-06-12T15:14:28","slug":"cenografia","status":"publish","type":"page","link":"https:\/\/www.franciscoleocadio.com.br\/index.php\/cenografia\/","title":{"rendered":"Cenografia"},"content":{"rendered":"\t\t<div data-elementor-type=\"wp-page\" data-elementor-id=\"16\" class=\"elementor elementor-16\" data-elementor-post-type=\"page\">\n\t\t\t\t<div class=\"elementor-element elementor-element-35a4ba1 e-flex e-con-boxed e-con e-parent\" data-id=\"35a4ba1\" data-element_type=\"container\" data-settings=\"{&quot;background_background&quot;:&quot;classic&quot;}\">\n\t\t\t\t\t<div class=\"e-con-inner\">\n\t\t\t\t<div class=\"elementor-element elementor-element-7dd94fa elementor-widget elementor-widget-text-editor\" data-id=\"7dd94fa\" data-element_type=\"widget\" data-widget_type=\"text-editor.default\">\n\t\t\t\t<div class=\"elementor-widget-container\">\n\t\t\t\t\t\t\t\t\t<p>&#8220;Pensar na cenografia \u00e9 ter em mente a cria\u00e7\u00e3o e\/ou utiliza\u00e7\u00e3o da espa\u00e7os com um prop\u00f3sito art\u00edstico espec\u00edfico, tendo em mente o princ\u00edpio da efemeridade. Seja o uso para teatro, expografia&nbsp; ou fins comerciais com \u00e9 o caso do vitrinismo.&#8221;<\/p>\t\t\t\t\t\t\t\t<\/div>\n\t\t\t\t<\/div>\n\t\t\t\t\t<\/div>\n\t\t\t\t<\/div>\n\t\t<div class=\"elementor-element elementor-element-8264c20 e-flex e-con-boxed e-con e-parent\" data-id=\"8264c20\" data-element_type=\"container\" data-settings=\"{&quot;background_background&quot;:&quot;classic&quot;}\">\n\t\t\t\t\t<div class=\"e-con-inner\">\n\t\t<div class=\"elementor-element elementor-element-6be1270 e-con-full e-flex e-con e-child\" data-id=\"6be1270\" data-element_type=\"container\">\n\t\t\t\t<div class=\"elementor-element elementor-element-4edf914 elementor-widget elementor-widget-image\" data-id=\"4edf914\" data-element_type=\"widget\" data-widget_type=\"image.default\">\n\t\t\t\t<div class=\"elementor-widget-container\">\n\t\t\t\t\t\t\t\t\t\t\t\t<figure class=\"wp-caption\">\n\t\t\t\t\t\t\t\t\t\t\t<a href=\"https:\/\/www.franciscoleocadio.com.br\/index.php\/cenografia\/teatro\/\">\n\t\t\t\t\t\t\t<img fetchpriority=\"high\" decoding=\"async\" width=\"1803\" height=\"2560\" src=\"https:\/\/www.franciscoleocadio.com.br\/wp-content\/uploads\/2024\/01\/convite-foto-do-espetaculo-autoria-desconhecida-scaled.jpg\" class=\"attachment-full size-full wp-image-526\" alt=\"convite do espet\u00e1culo Di\u00e1rio de um matrim\u00f4nio\" srcset=\"https:\/\/www.franciscoleocadio.com.br\/wp-content\/uploads\/2024\/01\/convite-foto-do-espetaculo-autoria-desconhecida-scaled.jpg 1803w, https:\/\/www.franciscoleocadio.com.br\/wp-content\/uploads\/2024\/01\/convite-foto-do-espetaculo-autoria-desconhecida-211x300.jpg 211w, https:\/\/www.franciscoleocadio.com.br\/wp-content\/uploads\/2024\/01\/convite-foto-do-espetaculo-autoria-desconhecida-721x1024.jpg 721w, https:\/\/www.franciscoleocadio.com.br\/wp-content\/uploads\/2024\/01\/convite-foto-do-espetaculo-autoria-desconhecida-768x1090.jpg 768w, https:\/\/www.franciscoleocadio.com.br\/wp-content\/uploads\/2024\/01\/convite-foto-do-espetaculo-autoria-desconhecida-1082x1536.jpg 1082w, https:\/\/www.franciscoleocadio.com.br\/wp-content\/uploads\/2024\/01\/convite-foto-do-espetaculo-autoria-desconhecida-1443x2048.jpg 1443w\" sizes=\"(max-width: 1803px) 100vw, 1803px\" \/>\t\t\t\t\t\t\t\t<\/a>\n\t\t\t\t\t\t\t\t\t\t\t<figcaption class=\"widget-image-caption wp-caption-text\">Teatro<\/figcaption>\n\t\t\t\t\t\t\t\t\t\t<\/figure>\n\t\t\t\t\t\t\t\t\t<\/div>\n\t\t\t\t<\/div>\n\t\t\t\t<\/div>\n\t\t<div class=\"elementor-element elementor-element-29d73b8 e-con-full e-flex e-con e-child\" data-id=\"29d73b8\" data-element_type=\"container\">\n\t\t\t\t<div class=\"elementor-element elementor-element-141fd77 elementor-widget elementor-widget-image\" data-id=\"141fd77\" data-element_type=\"widget\" data-widget_type=\"image.default\">\n\t\t\t\t<div class=\"elementor-widget-container\">\n\t\t\t\t\t\t\t\t\t\t\t\t<figure class=\"wp-caption\">\n\t\t\t\t\t\t\t\t\t\t\t<a href=\"https:\/\/www.franciscoleocadio.com.br\/index.php\/cenografia\/expografia\/\">\n\t\t\t\t\t\t\t<img decoding=\"async\" width=\"2560\" height=\"1920\" src=\"https:\/\/www.franciscoleocadio.com.br\/wp-content\/uploads\/2024\/01\/detalhe-do-paavilhao-montado-foto-Francisco-Leocadio-3-scaled.jpg\" class=\"attachment-full size-full wp-image-527\" alt=\"Expografia - da imagina\u00e7\u00e3o \u00e0 realidade\" srcset=\"https:\/\/www.franciscoleocadio.com.br\/wp-content\/uploads\/2024\/01\/detalhe-do-paavilhao-montado-foto-Francisco-Leocadio-3-scaled.jpg 2560w, https:\/\/www.franciscoleocadio.com.br\/wp-content\/uploads\/2024\/01\/detalhe-do-paavilhao-montado-foto-Francisco-Leocadio-3-300x225.jpg 300w, https:\/\/www.franciscoleocadio.com.br\/wp-content\/uploads\/2024\/01\/detalhe-do-paavilhao-montado-foto-Francisco-Leocadio-3-1024x768.jpg 1024w, https:\/\/www.franciscoleocadio.com.br\/wp-content\/uploads\/2024\/01\/detalhe-do-paavilhao-montado-foto-Francisco-Leocadio-3-768x576.jpg 768w, https:\/\/www.franciscoleocadio.com.br\/wp-content\/uploads\/2024\/01\/detalhe-do-paavilhao-montado-foto-Francisco-Leocadio-3-1536x1152.jpg 1536w, https:\/\/www.franciscoleocadio.com.br\/wp-content\/uploads\/2024\/01\/detalhe-do-paavilhao-montado-foto-Francisco-Leocadio-3-2048x1536.jpg 2048w\" sizes=\"(max-width: 2560px) 100vw, 2560px\" \/>\t\t\t\t\t\t\t\t<\/a>\n\t\t\t\t\t\t\t\t\t\t\t<figcaption class=\"widget-image-caption wp-caption-text\">Expografia<\/figcaption>\n\t\t\t\t\t\t\t\t\t\t<\/figure>\n\t\t\t\t\t\t\t\t\t<\/div>\n\t\t\t\t<\/div>\n\t\t\t\t<\/div>\n\t\t<div class=\"elementor-element elementor-element-b16debe e-con-full e-flex e-con e-child\" data-id=\"b16debe\" data-element_type=\"container\">\n\t\t\t\t<div class=\"elementor-element elementor-element-f4f1f20 elementor-widget elementor-widget-image\" data-id=\"f4f1f20\" data-element_type=\"widget\" data-widget_type=\"image.default\">\n\t\t\t\t<div class=\"elementor-widget-container\">\n\t\t\t\t\t\t\t\t\t\t\t\t<figure class=\"wp-caption\">\n\t\t\t\t\t\t\t\t\t\t\t<a href=\"https:\/\/www.franciscoleocadio.com.br\/index.php\/cenografia\/dispositivo-decorativo\/\">\n\t\t\t\t\t\t\t<img decoding=\"async\" width=\"1718\" height=\"2560\" src=\"https:\/\/www.franciscoleocadio.com.br\/wp-content\/uploads\/2024\/01\/FOTO-MAQUETE-Festival-de-presepios-4-scaled.jpg\" class=\"attachment-full size-full wp-image-528\" alt=\"\" srcset=\"https:\/\/www.franciscoleocadio.com.br\/wp-content\/uploads\/2024\/01\/FOTO-MAQUETE-Festival-de-presepios-4-scaled.jpg 1718w, https:\/\/www.franciscoleocadio.com.br\/wp-content\/uploads\/2024\/01\/FOTO-MAQUETE-Festival-de-presepios-4-201x300.jpg 201w, https:\/\/www.franciscoleocadio.com.br\/wp-content\/uploads\/2024\/01\/FOTO-MAQUETE-Festival-de-presepios-4-687x1024.jpg 687w, https:\/\/www.franciscoleocadio.com.br\/wp-content\/uploads\/2024\/01\/FOTO-MAQUETE-Festival-de-presepios-4-768x1144.jpg 768w, https:\/\/www.franciscoleocadio.com.br\/wp-content\/uploads\/2024\/01\/FOTO-MAQUETE-Festival-de-presepios-4-1031x1536.jpg 1031w, https:\/\/www.franciscoleocadio.com.br\/wp-content\/uploads\/2024\/01\/FOTO-MAQUETE-Festival-de-presepios-4-1375x2048.jpg 1375w\" sizes=\"(max-width: 1718px) 100vw, 1718px\" \/>\t\t\t\t\t\t\t\t<\/a>\n\t\t\t\t\t\t\t\t\t\t\t<figcaption class=\"widget-image-caption wp-caption-text\">Instala\u00e7\u00e3o<\/figcaption>\n\t\t\t\t\t\t\t\t\t\t<\/figure>\n\t\t\t\t\t\t\t\t\t<\/div>\n\t\t\t\t<\/div>\n\t\t\t\t<\/div>\n\t\t<div class=\"elementor-element elementor-element-4d81104 e-con-full e-flex e-con e-child\" data-id=\"4d81104\" data-element_type=\"container\">\n\t\t\t\t<div class=\"elementor-element elementor-element-62264d8 elementor-widget elementor-widget-image\" data-id=\"62264d8\" data-element_type=\"widget\" data-widget_type=\"image.default\">\n\t\t\t\t<div class=\"elementor-widget-container\">\n\t\t\t\t\t\t\t\t\t\t\t\t<figure class=\"wp-caption\">\n\t\t\t\t\t\t\t\t\t\t\t<a href=\"https:\/\/www.franciscoleocadio.com.br\/index.php\/cenografia\/vitrinismo\/\">\n\t\t\t\t\t\t\t<img loading=\"lazy\" decoding=\"async\" width=\"1200\" height=\"1538\" src=\"https:\/\/www.franciscoleocadio.com.br\/wp-content\/uploads\/2024\/01\/vitrine-limao-spazio-casa_0002.jpg\" class=\"attachment-full size-full wp-image-629\" alt=\"Vitrinismo Casa Spazio\" srcset=\"https:\/\/www.franciscoleocadio.com.br\/wp-content\/uploads\/2024\/01\/vitrine-limao-spazio-casa_0002.jpg 1200w, https:\/\/www.franciscoleocadio.com.br\/wp-content\/uploads\/2024\/01\/vitrine-limao-spazio-casa_0002-234x300.jpg 234w, https:\/\/www.franciscoleocadio.com.br\/wp-content\/uploads\/2024\/01\/vitrine-limao-spazio-casa_0002-799x1024.jpg 799w, https:\/\/www.franciscoleocadio.com.br\/wp-content\/uploads\/2024\/01\/vitrine-limao-spazio-casa_0002-768x984.jpg 768w, https:\/\/www.franciscoleocadio.com.br\/wp-content\/uploads\/2024\/01\/vitrine-limao-spazio-casa_0002-1198x1536.jpg 1198w\" sizes=\"(max-width: 1200px) 100vw, 1200px\" \/>\t\t\t\t\t\t\t\t<\/a>\n\t\t\t\t\t\t\t\t\t\t\t<figcaption class=\"widget-image-caption wp-caption-text\">Vitrinismo<\/figcaption>\n\t\t\t\t\t\t\t\t\t\t<\/figure>\n\t\t\t\t\t\t\t\t\t<\/div>\n\t\t\t\t<\/div>\n\t\t\t\t<\/div>\n\t\t\t\t\t<\/div>\n\t\t\t\t<\/div>\n\t\t\t\t<\/div>\n\t\t","protected":false},"excerpt":{"rendered":"<p>&#8220;Pensar na cenografia \u00e9 ter em mente a cria\u00e7\u00e3o e\/ou utiliza\u00e7\u00e3o da espa\u00e7os com um prop\u00f3sito art\u00edstico espec\u00edfico, tendo em mente o princ\u00edpio da efemeridade. Seja o uso para teatro, expografia&nbsp; ou fins comerciais com \u00e9 o caso do vitrinismo.&#8221; Teatro Expografia Instala\u00e7\u00e3o Vitrinismo<\/p>\n","protected":false},"author":1,"featured_media":0,"parent":0,"menu_order":0,"comment_status":"closed","ping_status":"closed","template":"","meta":{"footnotes":""},"class_list":["post-16","page","type-page","status-publish","hentry"],"_links":{"self":[{"href":"https:\/\/www.franciscoleocadio.com.br\/index.php\/wp-json\/wp\/v2\/pages\/16","targetHints":{"allow":["GET"]}}],"collection":[{"href":"https:\/\/www.franciscoleocadio.com.br\/index.php\/wp-json\/wp\/v2\/pages"}],"about":[{"href":"https:\/\/www.franciscoleocadio.com.br\/index.php\/wp-json\/wp\/v2\/types\/page"}],"author":[{"embeddable":true,"href":"https:\/\/www.franciscoleocadio.com.br\/index.php\/wp-json\/wp\/v2\/users\/1"}],"replies":[{"embeddable":true,"href":"https:\/\/www.franciscoleocadio.com.br\/index.php\/wp-json\/wp\/v2\/comments?post=16"}],"version-history":[{"count":37,"href":"https:\/\/www.franciscoleocadio.com.br\/index.php\/wp-json\/wp\/v2\/pages\/16\/revisions"}],"predecessor-version":[{"id":893,"href":"https:\/\/www.franciscoleocadio.com.br\/index.php\/wp-json\/wp\/v2\/pages\/16\/revisions\/893"}],"wp:attachment":[{"href":"https:\/\/www.franciscoleocadio.com.br\/index.php\/wp-json\/wp\/v2\/media?parent=16"}],"curies":[{"name":"wp","href":"https:\/\/api.w.org\/{rel}","templated":true}]}}