{"id":1204,"date":"2024-11-19T08:38:51","date_gmt":"2024-11-19T11:38:51","guid":{"rendered":"https:\/\/www.franciscoleocadio.com.br\/?page_id=1204"},"modified":"2024-11-25T08:04:58","modified_gmt":"2024-11-25T11:04:58","slug":"desenho-livre","status":"publish","type":"page","link":"https:\/\/www.franciscoleocadio.com.br\/index.php\/desenho\/desenho-livre\/","title":{"rendered":"Livre"},"content":{"rendered":"\t\t<div data-elementor-type=\"wp-page\" data-elementor-id=\"1204\" class=\"elementor elementor-1204\" data-elementor-post-type=\"page\">\n\t\t\t\t<div class=\"elementor-element elementor-element-497e579 e-flex e-con-boxed e-con e-parent\" data-id=\"497e579\" data-element_type=\"container\" data-settings=\"{&quot;background_background&quot;:&quot;classic&quot;}\">\n\t\t\t\t\t<div class=\"e-con-inner\">\n\t\t\t\t<div class=\"elementor-element elementor-element-9a9cb5e elementor-invisible elementor-widget elementor-widget-heading\" data-id=\"9a9cb5e\" data-element_type=\"widget\" data-settings=\"{&quot;_animation&quot;:&quot;fadeInRight&quot;}\" data-widget_type=\"heading.default\">\n\t\t\t\t<div class=\"elementor-widget-container\">\n\t\t\t\t\t<h3 class=\"elementor-heading-title elementor-size-default\">Livre<\/h3>\t\t\t\t<\/div>\n\t\t\t\t<\/div>\n\t\t\t\t\t<\/div>\n\t\t\t\t<\/div>\n\t\t<div class=\"elementor-element elementor-element-b6a51a4 e-flex e-con-boxed e-con e-parent\" data-id=\"b6a51a4\" data-element_type=\"container\" data-settings=\"{&quot;background_background&quot;:&quot;classic&quot;}\">\n\t\t\t\t\t<div class=\"e-con-inner\">\n\t\t\t\t<div class=\"elementor-element elementor-element-9cfc486 elementor-invisible elementor-widget elementor-widget-heading\" data-id=\"9cfc486\" data-element_type=\"widget\" data-settings=\"{&quot;_animation&quot;:&quot;fadeInRight&quot;}\" data-widget_type=\"heading.default\">\n\t\t\t\t<div class=\"elementor-widget-container\">\n\t\t\t\t\t<h5 class=\"elementor-heading-title elementor-size-default\">Aquarela sobre papel - obras feitas sem observa\u00e7\u00e3o direta, dispon\u00edveis para aquisi\u00e7\u00e3o, entre em contato.<\/h5>\t\t\t\t<\/div>\n\t\t\t\t<\/div>\n\t\t\t\t<div class=\"elementor-element elementor-element-f42933b gallery-spacing-custom elementor-widget elementor-widget-image-gallery\" data-id=\"f42933b\" data-element_type=\"widget\" data-widget_type=\"image-gallery.default\">\n\t\t\t\t<div class=\"elementor-widget-container\">\n\t\t\t\t\t\t\t<div class=\"elementor-image-gallery\">\n\t\t\t<div id='gallery-1' class='gallery galleryid-1204 gallery-columns-4 gallery-size-thumbnail'><figure class='gallery-item'>\n\t\t\t<div class='gallery-icon landscape'>\n\t\t\t\t<a data-elementor-open-lightbox=\"yes\" data-elementor-lightbox-slideshow=\"f42933b\" data-elementor-lightbox-title=\"Composi\u00e7\u00e3o 5 paisagem com arquitetura- ano 2020\" data-e-action-hash=\"#elementor-action%3Aaction%3Dlightbox%26settings%3DeyJpZCI6MTIxMywidXJsIjoiaHR0cHM6XC9cL3d3dy5mcmFuY2lzY29sZW9jYWRpby5jb20uYnJcL3dwLWNvbnRlbnRcL3VwbG9hZHNcLzIwMjRcLzExXC9Db21wb3NpY2FvLTUtcGFpc2FnZW0tY29tLWFycXVpdGV0dXJhLWFuby0yMDIwLXNjYWxlZC5qcGciLCJzbGlkZXNob3ciOiJmNDI5MzNiIn0%3D\" href='https:\/\/www.franciscoleocadio.com.br\/wp-content\/uploads\/2024\/11\/Composicao-5-paisagem-com-arquitetura-ano-2020-scaled.jpg'><img decoding=\"async\" width=\"150\" height=\"150\" src=\"https:\/\/www.franciscoleocadio.com.br\/wp-content\/uploads\/2024\/11\/Composicao-5-paisagem-com-arquitetura-ano-2020-150x150.jpg\" class=\"attachment-thumbnail size-thumbnail\" alt=\"\" \/><\/a>\n\t\t\t<\/div><\/figure><figure class='gallery-item'>\n\t\t\t<div class='gallery-icon landscape'>\n\t\t\t\t<a data-elementor-open-lightbox=\"yes\" data-elementor-lightbox-slideshow=\"f42933b\" data-elementor-lightbox-title=\"Composi\u00e7\u00e3o 4 paisagem com arquitetura- ano 2020\" data-e-action-hash=\"#elementor-action%3Aaction%3Dlightbox%26settings%3DeyJpZCI6MTIxNCwidXJsIjoiaHR0cHM6XC9cL3d3dy5mcmFuY2lzY29sZW9jYWRpby5jb20uYnJcL3dwLWNvbnRlbnRcL3VwbG9hZHNcLzIwMjRcLzExXC9Db21wb3NpY2FvLTQtcGFpc2FnZW0tY29tLWFycXVpdGV0dXJhLWFuby0yMDIwLXNjYWxlZC5qcGciLCJzbGlkZXNob3ciOiJmNDI5MzNiIn0%3D\" href='https:\/\/www.franciscoleocadio.com.br\/wp-content\/uploads\/2024\/11\/Composicao-4-paisagem-com-arquitetura-ano-2020-scaled.jpg'><img decoding=\"async\" width=\"150\" height=\"150\" src=\"https:\/\/www.franciscoleocadio.com.br\/wp-content\/uploads\/2024\/11\/Composicao-4-paisagem-com-arquitetura-ano-2020-150x150.jpg\" class=\"attachment-thumbnail size-thumbnail\" alt=\"\" \/><\/a>\n\t\t\t<\/div><\/figure><figure class='gallery-item'>\n\t\t\t<div class='gallery-icon landscape'>\n\t\t\t\t<a data-elementor-open-lightbox=\"yes\" data-elementor-lightbox-slideshow=\"f42933b\" data-elementor-lightbox-title=\"Composi\u00e7\u00e3o 3 marinha t\u00e9cnica l\u00e1pis de cor e aquarela - ano 2020\" data-e-action-hash=\"#elementor-action%3Aaction%3Dlightbox%26settings%3DeyJpZCI6MTIxNSwidXJsIjoiaHR0cHM6XC9cL3d3dy5mcmFuY2lzY29sZW9jYWRpby5jb20uYnJcL3dwLWNvbnRlbnRcL3VwbG9hZHNcLzIwMjRcLzExXC9Db21wb3NpY2FvLTMtbWFyaW5oYS10ZWNuaWNhLWxhcGlzLWRlLWNvci1lLWFxdWFyZWxhLWFuby0yMDIwLXNjYWxlZC5qcGciLCJzbGlkZXNob3ciOiJmNDI5MzNiIn0%3D\" href='https:\/\/www.franciscoleocadio.com.br\/wp-content\/uploads\/2024\/11\/Composicao-3-marinha-tecnica-lapis-de-cor-e-aquarela-ano-2020-scaled.jpg'><img decoding=\"async\" width=\"150\" height=\"150\" src=\"https:\/\/www.franciscoleocadio.com.br\/wp-content\/uploads\/2024\/11\/Composicao-3-marinha-tecnica-lapis-de-cor-e-aquarela-ano-2020-150x150.jpg\" class=\"attachment-thumbnail size-thumbnail\" alt=\"\" \/><\/a>\n\t\t\t<\/div><\/figure><figure class='gallery-item'>\n\t\t\t<div class='gallery-icon landscape'>\n\t\t\t\t<a data-elementor-open-lightbox=\"yes\" data-elementor-lightbox-slideshow=\"f42933b\" data-elementor-lightbox-title=\"Composi\u00e7\u00e3o 2 marinha t\u00e9cnica l\u00e1pis de cor e aquarela - ano 2020\" data-e-action-hash=\"#elementor-action%3Aaction%3Dlightbox%26settings%3DeyJpZCI6MTIxNiwidXJsIjoiaHR0cHM6XC9cL3d3dy5mcmFuY2lzY29sZW9jYWRpby5jb20uYnJcL3dwLWNvbnRlbnRcL3VwbG9hZHNcLzIwMjRcLzExXC9Db21wb3NpY2FvLTItbWFyaW5oYS10ZWNuaWNhLWxhcGlzLWRlLWNvci1lLWFxdWFyZWxhLWFuby0yMDIwLXNjYWxlZC5qcGciLCJzbGlkZXNob3ciOiJmNDI5MzNiIn0%3D\" href='https:\/\/www.franciscoleocadio.com.br\/wp-content\/uploads\/2024\/11\/Composicao-2-marinha-tecnica-lapis-de-cor-e-aquarela-ano-2020-scaled.jpg'><img loading=\"lazy\" decoding=\"async\" width=\"150\" height=\"150\" src=\"https:\/\/www.franciscoleocadio.com.br\/wp-content\/uploads\/2024\/11\/Composicao-2-marinha-tecnica-lapis-de-cor-e-aquarela-ano-2020-150x150.jpg\" class=\"attachment-thumbnail size-thumbnail\" alt=\"\" \/><\/a>\n\t\t\t<\/div><\/figure><figure class='gallery-item'>\n\t\t\t<div class='gallery-icon portrait'>\n\t\t\t\t<a data-elementor-open-lightbox=\"yes\" data-elementor-lightbox-slideshow=\"f42933b\" data-elementor-lightbox-title=\"Composi\u00e7\u00e3o 1 marinha t\u00e9cnica l\u00e1pis de cor e aquarela - ano 2020\" data-e-action-hash=\"#elementor-action%3Aaction%3Dlightbox%26settings%3DeyJpZCI6MTIxNywidXJsIjoiaHR0cHM6XC9cL3d3dy5mcmFuY2lzY29sZW9jYWRpby5jb20uYnJcL3dwLWNvbnRlbnRcL3VwbG9hZHNcLzIwMjRcLzExXC9Db21wb3NpY2FvLTEtbWFyaW5oYS10ZWNuaWNhLWxhcGlzLWRlLWNvci1lLWFxdWFyZWxhLWFuby0yMDIwLXNjYWxlZC5qcGciLCJzbGlkZXNob3ciOiJmNDI5MzNiIn0%3D\" href='https:\/\/www.franciscoleocadio.com.br\/wp-content\/uploads\/2024\/11\/Composicao-1-marinha-tecnica-lapis-de-cor-e-aquarela-ano-2020-scaled.jpg'><img loading=\"lazy\" decoding=\"async\" width=\"150\" height=\"150\" src=\"https:\/\/www.franciscoleocadio.com.br\/wp-content\/uploads\/2024\/11\/Composicao-1-marinha-tecnica-lapis-de-cor-e-aquarela-ano-2020-150x150.jpg\" class=\"attachment-thumbnail size-thumbnail\" alt=\"\" \/><\/a>\n\t\t\t<\/div><\/figure>\n\t\t<\/div>\n\t\t<\/div>\n\t\t\t\t\t\t<\/div>\n\t\t\t\t<\/div>\n\t\t\t\t<div class=\"elementor-element elementor-element-6caebe0 elementor-widget-divider--view-line_icon elementor-view-default elementor-widget-divider--element-align-center elementor-widget elementor-widget-divider\" data-id=\"6caebe0\" data-element_type=\"widget\" data-widget_type=\"divider.default\">\n\t\t\t\t<div class=\"elementor-widget-container\">\n\t\t\t\t\t\t\t<div class=\"elementor-divider\">\n\t\t\t<span class=\"elementor-divider-separator\">\n\t\t\t\t\t\t\t<div class=\"elementor-icon elementor-divider__element\">\n\t\t\t\t\t<svg aria-hidden=\"true\" class=\"e-font-icon-svg e-fas-pencil-alt\" viewBox=\"0 0 512 512\" xmlns=\"http:\/\/www.w3.org\/2000\/svg\"><path d=\"M497.9 142.1l-46.1 46.1c-4.7 4.7-12.3 4.7-17 0l-111-111c-4.7-4.7-4.7-12.3 0-17l46.1-46.1c18.7-18.7 49.1-18.7 67.9 0l60.1 60.1c18.8 18.7 18.8 49.1 0 67.9zM284.2 99.8L21.6 362.4.4 483.9c-2.9 16.4 11.4 30.6 27.8 27.8l121.5-21.3 262.6-262.6c4.7-4.7 4.7-12.3 0-17l-111-111c-4.8-4.7-12.4-4.7-17.1 0zM124.1 339.9c-5.5-5.5-5.5-14.3 0-19.8l154-154c5.5-5.5 14.3-5.5 19.8 0s5.5 14.3 0 19.8l-154 154c-5.5 5.5-14.3 5.5-19.8 0zM88 424h48v36.3l-64.5 11.3-31.1-31.1L51.7 376H88v48z\"><\/path><\/svg><\/div>\n\t\t\t\t\t\t<\/span>\n\t\t<\/div>\n\t\t\t\t\t\t<\/div>\n\t\t\t\t<\/div>\n\t\t\t\t\t<\/div>\n\t\t\t\t<\/div>\n\t\t\t\t<\/div>\n\t\t","protected":false},"excerpt":{"rendered":"<p>Livre Aquarela sobre papel &#8211; obras feitas sem observa\u00e7\u00e3o direta, dispon\u00edveis para aquisi\u00e7\u00e3o, entre em contato.<\/p>\n","protected":false},"author":1,"featured_media":0,"parent":20,"menu_order":0,"comment_status":"closed","ping_status":"closed","template":"","meta":{"footnotes":""},"class_list":["post-1204","page","type-page","status-publish","hentry"],"_links":{"self":[{"href":"https:\/\/www.franciscoleocadio.com.br\/index.php\/wp-json\/wp\/v2\/pages\/1204","targetHints":{"allow":["GET"]}}],"collection":[{"href":"https:\/\/www.franciscoleocadio.com.br\/index.php\/wp-json\/wp\/v2\/pages"}],"about":[{"href":"https:\/\/www.franciscoleocadio.com.br\/index.php\/wp-json\/wp\/v2\/types\/page"}],"author":[{"embeddable":true,"href":"https:\/\/www.franciscoleocadio.com.br\/index.php\/wp-json\/wp\/v2\/users\/1"}],"replies":[{"embeddable":true,"href":"https:\/\/www.franciscoleocadio.com.br\/index.php\/wp-json\/wp\/v2\/comments?post=1204"}],"version-history":[{"count":10,"href":"https:\/\/www.franciscoleocadio.com.br\/index.php\/wp-json\/wp\/v2\/pages\/1204\/revisions"}],"predecessor-version":[{"id":1220,"href":"https:\/\/www.franciscoleocadio.com.br\/index.php\/wp-json\/wp\/v2\/pages\/1204\/revisions\/1220"}],"up":[{"embeddable":true,"href":"https:\/\/www.franciscoleocadio.com.br\/index.php\/wp-json\/wp\/v2\/pages\/20"}],"wp:attachment":[{"href":"https:\/\/www.franciscoleocadio.com.br\/index.php\/wp-json\/wp\/v2\/media?parent=1204"}],"curies":[{"name":"wp","href":"https:\/\/api.w.org\/{rel}","templated":true}]}}