{"id":119,"date":"2023-12-12T17:04:07","date_gmt":"2023-12-12T20:04:07","guid":{"rendered":"https:\/\/www.franciscoleocadio.com.br\/?page_id=119"},"modified":"2024-06-08T21:34:01","modified_gmt":"2024-06-09T00:34:01","slug":"sobre-mim","status":"publish","type":"page","link":"https:\/\/www.franciscoleocadio.com.br\/index.php\/sobre-mim\/","title":{"rendered":"Sobre Mim"},"content":{"rendered":"\t\t<div data-elementor-type=\"wp-page\" data-elementor-id=\"119\" class=\"elementor elementor-119\" data-elementor-post-type=\"page\">\n\t\t\t\t<div class=\"elementor-element elementor-element-d357c58 e-flex e-con-boxed e-con e-parent\" data-id=\"d357c58\" data-element_type=\"container\" data-settings=\"{&quot;background_background&quot;:&quot;classic&quot;}\">\n\t\t\t\t\t<div class=\"e-con-inner\">\n\t\t\t\t<div class=\"elementor-element elementor-element-f24216f elementor-invisible elementor-widget elementor-widget-heading\" data-id=\"f24216f\" data-element_type=\"widget\" data-settings=\"{&quot;_animation&quot;:&quot;fadeInRight&quot;}\" data-widget_type=\"heading.default\">\n\t\t\t\t<div class=\"elementor-widget-container\">\n\t\t\t\t\t<h3 class=\"elementor-heading-title elementor-size-default\">Sobre Mim<\/h3>\t\t\t\t<\/div>\n\t\t\t\t<\/div>\n\t\t\t\t\t<\/div>\n\t\t\t\t<\/div>\n\t\t<div class=\"elementor-element elementor-element-26aba1e e-flex e-con-boxed e-con e-parent\" data-id=\"26aba1e\" data-element_type=\"container\" data-settings=\"{&quot;background_background&quot;:&quot;classic&quot;}\">\n\t\t\t\t\t<div class=\"e-con-inner\">\n\t\t<div class=\"elementor-element elementor-element-6557212 e-con-full e-flex e-con e-child\" data-id=\"6557212\" data-element_type=\"container\">\n\t\t\t\t<div class=\"elementor-element elementor-element-759bfa8 elementor-widget elementor-widget-image\" data-id=\"759bfa8\" data-element_type=\"widget\" data-widget_type=\"image.default\">\n\t\t\t\t<div class=\"elementor-widget-container\">\n\t\t\t\t\t\t\t\t\t\t\t\t\t\t\t<img fetchpriority=\"high\" decoding=\"async\" width=\"800\" height=\"800\" src=\"https:\/\/www.franciscoleocadio.com.br\/wp-content\/uploads\/2023\/12\/foto_bio-1024x1024.png\" class=\"attachment-large size-large wp-image-346\" alt=\"foto mini bio francisco leocadio\" srcset=\"https:\/\/www.franciscoleocadio.com.br\/wp-content\/uploads\/2023\/12\/foto_bio-1024x1024.png 1024w, https:\/\/www.franciscoleocadio.com.br\/wp-content\/uploads\/2023\/12\/foto_bio-300x300.png 300w, https:\/\/www.franciscoleocadio.com.br\/wp-content\/uploads\/2023\/12\/foto_bio-150x150.png 150w, https:\/\/www.franciscoleocadio.com.br\/wp-content\/uploads\/2023\/12\/foto_bio-768x768.png 768w, https:\/\/www.franciscoleocadio.com.br\/wp-content\/uploads\/2023\/12\/foto_bio.png 1080w\" sizes=\"(max-width: 800px) 100vw, 800px\" \/>\t\t\t\t\t\t\t\t\t\t\t\t\t\t\t<\/div>\n\t\t\t\t<\/div>\n\t\t\t\t<\/div>\n\t\t<div class=\"elementor-element elementor-element-39d002f e-con-full e-flex e-con e-child\" data-id=\"39d002f\" data-element_type=\"container\" data-settings=\"{&quot;background_background&quot;:&quot;classic&quot;}\">\n\t\t\t\t<div class=\"elementor-element elementor-element-b9d9f0e elementor-widget elementor-widget-text-editor\" data-id=\"b9d9f0e\" data-element_type=\"widget\" data-widget_type=\"text-editor.default\">\n\t\t\t\t<div class=\"elementor-widget-container\">\n\t\t\t\t\t\t\t\t\t<p class=\"x_gmail-Textodocurrculo\"><strong>Francisco Leoc\u00e1dio<\/strong> \u00e9 arquiteto formado pela UFRJ, em 1994, sendo bolsista de inicia\u00e7\u00e3o art\u00edstica da artista visual e professora Celeida Tostes. Mestre e Doutor em Artes C\u00eanicas pela UNIRio. Sua pr\u00e1tica profissional \u00e9 concentrada nas \u00e1reas de Arquitetura, Ilumina\u00e7\u00e3o e Cenografia. No campo da Arquitetura, trabalhou no escrit\u00f3rio Marcia Lima Arquitetura, no Rio de Janeiro, por quase duas d\u00e9cadas, contribuindo para elabora\u00e7\u00e3o de estudos preliminares e projetos executivos de obras residenciais e comerciais junto \u00e0 arquiteta Marcia Lima.<\/p><p class=\"x_gmail-Textodocurrculo\">Como cen\u00f3grafo, teve passagem pela Rede Globo, e no teatro foi assistente do cen\u00f3grafo e figurinista Colmar Diniz, colaborando nas exposi\u00e7\u00f5es produzidas pelo Instituto Zuzu Angel. Concebeu e operou a luz para Jussara Silveira, Arnaldo Brand\u00e3o e Orquestra Popular C\u00e9u Na Terra.<\/p><p class=\"x_gmail-Textodocurrculo\">Foi professor no curso de\u00a0<i>Design<\/i>\u00a0de Interiores do SENAC-RJ,\u00a0, professor colaborador do Istituto Europeo di Design- Rio de Janeiro, e na p\u00f3s-gradua\u00e7\u00e3o em Cenografia na Universidade Veiga de Almeida. Foi professor substituto no Departamento de An\u00e1lise e Representa\u00e7\u00e3o da Forma na Faculdade de Arquitetura e Urbanismo da UFRJ. Atualmente,\u00a0 professor na Escola de Belas Artes na mesma universidade, nos anos de 2022 e 2023.<\/p><p class=\"x_gmail-Textodocurrculo\">Participou das tr\u00eas \u00faltimas edi\u00e7\u00f5es da Quadrienal de Praga de Cenografia, na Rep\u00fablica Tcheca, com trabalhos em parceria com a Profa. Dra. Joana Ang\u00e9lica Lavall\u00e9, na edi\u00e7\u00e3o de 2015 da Quadrienal. J\u00e1 na edi\u00e7\u00e3o de 2019, \u00e9 coautor e um dos executores do projeto vencedor para o espa\u00e7o expositivo da Mostra de Estudantes de Cenografia, junto com Sara Fagundes, Carolina Lyra e Joana Lavall\u00e9. Em 2023, apresenta uma comunica\u00e7\u00e3o a respeito da experi\u00eancia de ensino de Ilumina\u00e7\u00e3o C\u00eanica, com a doutoranda Sara Fagundes.<\/p><p class=\"x_gmail-Textodocurrculo\">\u00c9 membro do Laborat\u00f3rio de Estudos do Espa\u00e7o Teatral e Mem\u00f3ria Urbana da UNIRio coordenado pela Profa. Dra. Evelyn Lima.\u00a0\u00a0Desde o come\u00e7o dos anos 2010, \u00e9 membro e correspondente do grupo Urban Sketchers Brasil, assim como um dos coordenadores do bra\u00e7o carioca desta organiza\u00e7\u00e3o mundial n\u00e3o governamental que busca promover a pr\u00e1tica do desenho de observa\u00e7\u00e3o direta da vida e paisagem natural e constru\u00edda das cidades.<\/p><p>Acesse aqui meu <a href=\"http:\/\/lattes.cnpq.br\/8334720640439915\" target=\"_blank\" rel=\"noopener\">Curr\u00edculo Lattes<\/a>.<\/p>\t\t\t\t\t\t\t\t<\/div>\n\t\t\t\t<\/div>\n\t\t\t\t<\/div>\n\t\t\t\t\t<\/div>\n\t\t\t\t<\/div>\n\t\t\t\t<\/div>\n\t\t","protected":false},"excerpt":{"rendered":"<p>Sobre Mim Francisco Leoc\u00e1dio \u00e9 arquiteto formado pela UFRJ, em 1994, sendo bolsista de inicia\u00e7\u00e3o art\u00edstica da artista visual e professora Celeida Tostes. Mestre e Doutor em Artes C\u00eanicas pela UNIRio. Sua pr\u00e1tica profissional \u00e9 concentrada nas \u00e1reas de Arquitetura, Ilumina\u00e7\u00e3o e Cenografia. No campo da Arquitetura, trabalhou no escrit\u00f3rio Marcia Lima Arquitetura, no Rio [&hellip;]<\/p>\n","protected":false},"author":1,"featured_media":0,"parent":0,"menu_order":0,"comment_status":"closed","ping_status":"closed","template":"","meta":{"footnotes":""},"class_list":["post-119","page","type-page","status-publish","hentry"],"_links":{"self":[{"href":"https:\/\/www.franciscoleocadio.com.br\/index.php\/wp-json\/wp\/v2\/pages\/119","targetHints":{"allow":["GET"]}}],"collection":[{"href":"https:\/\/www.franciscoleocadio.com.br\/index.php\/wp-json\/wp\/v2\/pages"}],"about":[{"href":"https:\/\/www.franciscoleocadio.com.br\/index.php\/wp-json\/wp\/v2\/types\/page"}],"author":[{"embeddable":true,"href":"https:\/\/www.franciscoleocadio.com.br\/index.php\/wp-json\/wp\/v2\/users\/1"}],"replies":[{"embeddable":true,"href":"https:\/\/www.franciscoleocadio.com.br\/index.php\/wp-json\/wp\/v2\/comments?post=119"}],"version-history":[{"count":39,"href":"https:\/\/www.franciscoleocadio.com.br\/index.php\/wp-json\/wp\/v2\/pages\/119\/revisions"}],"predecessor-version":[{"id":821,"href":"https:\/\/www.franciscoleocadio.com.br\/index.php\/wp-json\/wp\/v2\/pages\/119\/revisions\/821"}],"wp:attachment":[{"href":"https:\/\/www.franciscoleocadio.com.br\/index.php\/wp-json\/wp\/v2\/media?parent=119"}],"curies":[{"name":"wp","href":"https:\/\/api.w.org\/{rel}","templated":true}]}}