{"id":11,"date":"2023-11-28T11:09:35","date_gmt":"2023-11-28T14:09:35","guid":{"rendered":"https:\/\/www.franciscoleocadio.com.br\/?page_id=11"},"modified":"2024-06-12T12:21:00","modified_gmt":"2024-06-12T15:21:00","slug":"home","status":"publish","type":"page","link":"https:\/\/www.franciscoleocadio.com.br\/","title":{"rendered":"Home"},"content":{"rendered":"\t\t<div data-elementor-type=\"wp-page\" data-elementor-id=\"11\" class=\"elementor elementor-11\" data-elementor-post-type=\"page\">\n\t\t\t\t<div class=\"elementor-element elementor-element-3090da6 e-flex e-con-boxed e-con e-parent\" data-id=\"3090da6\" data-element_type=\"container\" data-settings=\"{&quot;background_background&quot;:&quot;classic&quot;}\">\n\t\t\t\t\t<div class=\"e-con-inner\">\n\t\t<div class=\"elementor-element elementor-element-01a8b49 e-con-full e-flex elementor-invisible e-con e-child\" data-id=\"01a8b49\" data-element_type=\"container\" data-settings=\"{&quot;animation&quot;:&quot;fadeInLeft&quot;}\">\n\t\t\t\t<div class=\"elementor-element elementor-element-9448db3 elementor-widget elementor-widget-image\" data-id=\"9448db3\" data-element_type=\"widget\" data-widget_type=\"image.default\">\n\t\t\t\t<div class=\"elementor-widget-container\">\n\t\t\t\t\t\t\t\t\t\t\t\t\t\t\t<img fetchpriority=\"high\" decoding=\"async\" width=\"800\" height=\"342\" src=\"https:\/\/www.franciscoleocadio.com.br\/wp-content\/uploads\/2024\/01\/logo-so-o-nome-EM-MARROM-1024x438.png\" class=\"attachment-large size-large wp-image-411\" alt=\"nome francisco leocadio\" srcset=\"https:\/\/www.franciscoleocadio.com.br\/wp-content\/uploads\/2024\/01\/logo-so-o-nome-EM-MARROM-1024x438.png 1024w, https:\/\/www.franciscoleocadio.com.br\/wp-content\/uploads\/2024\/01\/logo-so-o-nome-EM-MARROM-300x128.png 300w, https:\/\/www.franciscoleocadio.com.br\/wp-content\/uploads\/2024\/01\/logo-so-o-nome-EM-MARROM-768x328.png 768w, https:\/\/www.franciscoleocadio.com.br\/wp-content\/uploads\/2024\/01\/logo-so-o-nome-EM-MARROM-1536x657.png 1536w, https:\/\/www.franciscoleocadio.com.br\/wp-content\/uploads\/2024\/01\/logo-so-o-nome-EM-MARROM-2048x876.png 2048w\" sizes=\"(max-width: 800px) 100vw, 800px\" \/>\t\t\t\t\t\t\t\t\t\t\t\t\t\t\t<\/div>\n\t\t\t\t<\/div>\n\t\t\t\t<\/div>\n\t\t<div class=\"elementor-element elementor-element-573390c e-con-full e-flex elementor-invisible e-con e-child\" data-id=\"573390c\" data-element_type=\"container\" data-settings=\"{&quot;animation&quot;:&quot;fadeInRight&quot;}\">\n\t\t\t\t<div class=\"elementor-element elementor-element-f03d635 elementor-widget elementor-widget-text-editor\" data-id=\"f03d635\" data-element_type=\"widget\" data-widget_type=\"text-editor.default\">\n\t\t\t\t<div class=\"elementor-widget-container\">\n\t\t\t\t\t\t\t\t\t<p style=\"text-align: justify; tab-stops: 355.3pt; margin: 2.0pt 36.2pt 2.0pt 1.0cm;\"><span style=\"font-size: 10.5pt; line-height: 120%; font-family: 'Tahoma',sans-serif;\">Arquiteto formado pela UFRJ, em 1994. Mestre e Doutor em Artes C\u00eanicas pela UNIRio. Sua pr\u00e1tica profissional \u00e9 concentrada nas \u00e1reas de Arquitetura, Ilumina\u00e7\u00e3o e Cenografia. Vasta experi\u00eancia como docente nas institui\u00e7\u00f5es FAU-UFRJ, EBA-UFRJ, Universidade Veiga de Almeida, SENAC-RJ e Istituto Europeo di Design (IED) Rio.\u00a0<\/span><\/p><p style=\"text-align: justify; tab-stops: 355.3pt; margin: 2.0pt 36.2pt 2.0pt 1.0cm;\"><span style=\"font-size: 10.5pt; line-height: 120%; font-family: 'Tahoma',sans-serif;\">Um dos coordenadores do Urban Sketchers Rio e \u00e9 pesquisador no Laborat\u00f3rio de Estudos do Espa\u00e7o Teatral e Mem\u00f3ria Urbana da UNIRio.<\/span><\/p><p style=\"text-align: justify; tab-stops: 355.3pt; margin: 2.0pt 36.2pt 2.0pt 1.0cm;\"><span style=\"font-size: 10.5pt; line-height: 120%; font-family: 'Tahoma',sans-serif;\">Acesse aqui meu <a href=\"http:\/\/lattes.cnpq.br\/8334720640439915\" target=\"_blank\" rel=\"noopener\">Curr\u00edculo Lattes<\/a>.<\/span><\/p>\t\t\t\t\t\t\t\t<\/div>\n\t\t\t\t<\/div>\n\t\t\t\t<div class=\"elementor-element elementor-element-21ac20a elementor-widget elementor-widget-heading\" data-id=\"21ac20a\" data-element_type=\"widget\" data-widget_type=\"heading.default\">\n\t\t\t\t<div class=\"elementor-widget-container\">\n\t\t\t\t\t<h6 class=\"elementor-heading-title elementor-size-default\"><a href=\"https:\/\/www.franciscoleocadio.com.br\/index.php\/sobre-mim\/\">Mais detalhes<\/a><\/h6>\t\t\t\t<\/div>\n\t\t\t\t<\/div>\n\t\t\t\t<\/div>\n\t\t\t\t\t<\/div>\n\t\t\t\t<\/div>\n\t\t<div class=\"elementor-element elementor-element-429b5b1 e-con-full e-flex e-con e-parent\" data-id=\"429b5b1\" data-element_type=\"container\" data-settings=\"{&quot;background_background&quot;:&quot;classic&quot;}\">\n\t\t<div class=\"elementor-element elementor-element-618352e e-con-full e-flex elementor-invisible e-con e-child\" data-id=\"618352e\" data-element_type=\"container\" data-settings=\"{&quot;background_background&quot;:&quot;classic&quot;,&quot;animation&quot;:&quot;fadeInRight&quot;}\">\n\t\t\t\t<div class=\"elementor-element elementor-element-8c6bce6 elementor-position-top elementor-widget elementor-widget-image-box\" data-id=\"8c6bce6\" data-element_type=\"widget\" data-widget_type=\"image-box.default\">\n\t\t\t\t<div class=\"elementor-widget-container\">\n\t\t\t\t\t<div class=\"elementor-image-box-wrapper\"><figure class=\"elementor-image-box-img\"><a href=\"https:\/\/www.franciscoleocadio.com.br\/index.php\/academico\/\" tabindex=\"-1\"><img decoding=\"async\" src=\"https:\/\/www.franciscoleocadio.com.br\/wp-content\/uploads\/2023\/12\/academico.jpg\" title=\"academico\" alt=\"academico\" loading=\"lazy\" \/><\/a><\/figure><div class=\"elementor-image-box-content\"><h3 class=\"elementor-image-box-title\"><a href=\"https:\/\/www.franciscoleocadio.com.br\/index.php\/academico\/\">Acad\u00eamico<\/a><\/h3><p class=\"elementor-image-box-description\">Minha produ\u00e7\u00e3o acad\u00eamica, com artigos nas \u00e1reas de pesquisa sobre cenografia, ilumina\u00e7\u00e3o e desenho, assim como desenvolvimento de material did\u00e1tico que me auxilia na sala de aula.<\/p><\/div><\/div>\t\t\t\t<\/div>\n\t\t\t\t<\/div>\n\t\t\t\t<\/div>\n\t\t<div class=\"elementor-element elementor-element-3e34083 e-con-full e-flex elementor-invisible e-con e-child\" data-id=\"3e34083\" data-element_type=\"container\" data-settings=\"{&quot;background_background&quot;:&quot;classic&quot;,&quot;animation&quot;:&quot;fadeInRight&quot;}\">\n\t\t\t\t<div class=\"elementor-element elementor-element-9c09300 elementor-position-top elementor-widget elementor-widget-image-box\" data-id=\"9c09300\" data-element_type=\"widget\" data-widget_type=\"image-box.default\">\n\t\t\t\t<div class=\"elementor-widget-container\">\n\t\t\t\t\t<div class=\"elementor-image-box-wrapper\"><figure class=\"elementor-image-box-img\"><a href=\"https:\/\/www.franciscoleocadio.com.br\/index.php\/cenografia\/\" tabindex=\"-1\"><img decoding=\"async\" width=\"1436\" height=\"958\" src=\"https:\/\/www.franciscoleocadio.com.br\/wp-content\/uploads\/2023\/12\/cenografia.jpg\" class=\"attachment-full size-full wp-image-374\" alt=\"cenografia francisco leocadio\" srcset=\"https:\/\/www.franciscoleocadio.com.br\/wp-content\/uploads\/2023\/12\/cenografia.jpg 1436w, https:\/\/www.franciscoleocadio.com.br\/wp-content\/uploads\/2023\/12\/cenografia-300x200.jpg 300w, https:\/\/www.franciscoleocadio.com.br\/wp-content\/uploads\/2023\/12\/cenografia-1024x683.jpg 1024w, https:\/\/www.franciscoleocadio.com.br\/wp-content\/uploads\/2023\/12\/cenografia-768x512.jpg 768w\" sizes=\"(max-width: 1436px) 100vw, 1436px\" \/><\/a><\/figure><div class=\"elementor-image-box-content\"><h3 class=\"elementor-image-box-title\"><a href=\"https:\/\/www.franciscoleocadio.com.br\/index.php\/cenografia\/\">Cenografia<\/a><\/h3><p class=\"elementor-image-box-description\">Trabalhos desenvolvidos para cenografia de teatro e espa\u00e7os expositivos, alguns deles em parceria com outros profissionais, com projetos inclu\u00eddos para entendimento do processo criativo.<\/p><\/div><\/div>\t\t\t\t<\/div>\n\t\t\t\t<\/div>\n\t\t\t\t<\/div>\n\t\t<div class=\"elementor-element elementor-element-b2629b8 e-con-full e-flex elementor-invisible e-con e-child\" data-id=\"b2629b8\" data-element_type=\"container\" data-settings=\"{&quot;background_background&quot;:&quot;classic&quot;,&quot;animation&quot;:&quot;fadeInRight&quot;}\">\n\t\t\t\t<div class=\"elementor-element elementor-element-1004c35 elementor-position-top elementor-widget elementor-widget-image-box\" data-id=\"1004c35\" data-element_type=\"widget\" data-widget_type=\"image-box.default\">\n\t\t\t\t<div class=\"elementor-widget-container\">\n\t\t\t\t\t<div class=\"elementor-image-box-wrapper\"><figure class=\"elementor-image-box-img\"><a href=\"https:\/\/www.franciscoleocadio.com.br\/index.php\/desenho\/\" tabindex=\"-1\"><img decoding=\"async\" width=\"1764\" height=\"1157\" src=\"https:\/\/www.franciscoleocadio.com.br\/wp-content\/uploads\/2023\/12\/desenho.jpg\" class=\"attachment-full size-full wp-image-375\" alt=\"\" srcset=\"https:\/\/www.franciscoleocadio.com.br\/wp-content\/uploads\/2023\/12\/desenho.jpg 1764w, https:\/\/www.franciscoleocadio.com.br\/wp-content\/uploads\/2023\/12\/desenho-300x197.jpg 300w, https:\/\/www.franciscoleocadio.com.br\/wp-content\/uploads\/2023\/12\/desenho-1024x672.jpg 1024w, https:\/\/www.franciscoleocadio.com.br\/wp-content\/uploads\/2023\/12\/desenho-768x504.jpg 768w, https:\/\/www.franciscoleocadio.com.br\/wp-content\/uploads\/2023\/12\/desenho-1536x1007.jpg 1536w\" sizes=\"(max-width: 1764px) 100vw, 1764px\" \/><\/a><\/figure><div class=\"elementor-image-box-content\"><h3 class=\"elementor-image-box-title\"><a href=\"https:\/\/www.franciscoleocadio.com.br\/index.php\/desenho\/\">Desenho<\/a><\/h3><p class=\"elementor-image-box-description\">Desenhos feitos em diversas m\u00eddias. Alguns de observa\u00e7\u00e3o, como resultado de minha atividade como urban sketchers, e outros como meio de processo criativo de minhas atua\u00e7\u00f5es profissionais.<\/p><\/div><\/div>\t\t\t\t<\/div>\n\t\t\t\t<\/div>\n\t\t\t\t<\/div>\n\t\t\t\t<\/div>\n\t\t<div class=\"elementor-element elementor-element-a62c9cc e-con-full e-flex e-con e-parent\" data-id=\"a62c9cc\" data-element_type=\"container\" data-settings=\"{&quot;background_background&quot;:&quot;classic&quot;}\">\n\t\t<div class=\"elementor-element elementor-element-31c3ded e-con-full e-flex elementor-invisible e-con e-child\" data-id=\"31c3ded\" data-element_type=\"container\" data-settings=\"{&quot;background_background&quot;:&quot;classic&quot;,&quot;animation&quot;:&quot;fadeInLeft&quot;}\">\n\t\t\t\t<div class=\"elementor-element elementor-element-cad903b elementor-position-top elementor-widget elementor-widget-image-box\" data-id=\"cad903b\" data-element_type=\"widget\" data-widget_type=\"image-box.default\">\n\t\t\t\t<div class=\"elementor-widget-container\">\n\t\t\t\t\t<div class=\"elementor-image-box-wrapper\"><figure class=\"elementor-image-box-img\"><a href=\"https:\/\/www.franciscoleocadio.com.br\/index.php\/design\/\" tabindex=\"-1\"><img loading=\"lazy\" decoding=\"async\" width=\"1764\" height=\"1157\" src=\"https:\/\/www.franciscoleocadio.com.br\/wp-content\/uploads\/2023\/12\/design.jpg\" class=\"attachment-full size-full wp-image-376\" alt=\"\" srcset=\"https:\/\/www.franciscoleocadio.com.br\/wp-content\/uploads\/2023\/12\/design.jpg 1764w, https:\/\/www.franciscoleocadio.com.br\/wp-content\/uploads\/2023\/12\/design-300x197.jpg 300w, https:\/\/www.franciscoleocadio.com.br\/wp-content\/uploads\/2023\/12\/design-1024x672.jpg 1024w, https:\/\/www.franciscoleocadio.com.br\/wp-content\/uploads\/2023\/12\/design-768x504.jpg 768w, https:\/\/www.franciscoleocadio.com.br\/wp-content\/uploads\/2023\/12\/design-1536x1007.jpg 1536w\" sizes=\"(max-width: 1764px) 100vw, 1764px\" \/><\/a><\/figure><div class=\"elementor-image-box-content\"><h3 class=\"elementor-image-box-title\"><a href=\"https:\/\/www.franciscoleocadio.com.br\/index.php\/design\/\">Design<\/a><\/h3><p class=\"elementor-image-box-description\">Nesta se\u00e7\u00e3o ser\u00e1 poss\u00edvel ver meus trabalhos de cria\u00e7\u00e3o para \u00e1reas de design gr\u00e1fico e design de produto. Alguns desenvolvidos em parcerias de cria\u00e7\u00e3o, ao longo dos anos de atua\u00e7\u00e3o profissional.<\/p><\/div><\/div>\t\t\t\t<\/div>\n\t\t\t\t<\/div>\n\t\t\t\t<\/div>\n\t\t<div class=\"elementor-element elementor-element-e1e7383 e-con-full e-flex elementor-invisible e-con e-child\" data-id=\"e1e7383\" data-element_type=\"container\" data-settings=\"{&quot;background_background&quot;:&quot;classic&quot;,&quot;animation&quot;:&quot;fadeInLeft&quot;}\">\n\t\t\t\t<div class=\"elementor-element elementor-element-0291ea5 elementor-position-top elementor-widget elementor-widget-image-box\" data-id=\"0291ea5\" data-element_type=\"widget\" data-widget_type=\"image-box.default\">\n\t\t\t\t<div class=\"elementor-widget-container\">\n\t\t\t\t\t<div class=\"elementor-image-box-wrapper\"><figure class=\"elementor-image-box-img\"><a href=\"https:\/\/www.franciscoleocadio.com.br\/index.php\/iluminacao\/\" tabindex=\"-1\"><img loading=\"lazy\" decoding=\"async\" width=\"1764\" height=\"1157\" src=\"https:\/\/www.franciscoleocadio.com.br\/wp-content\/uploads\/2023\/12\/iluminacao.jpg\" class=\"attachment-full size-full wp-image-377\" alt=\"\" srcset=\"https:\/\/www.franciscoleocadio.com.br\/wp-content\/uploads\/2023\/12\/iluminacao.jpg 1764w, https:\/\/www.franciscoleocadio.com.br\/wp-content\/uploads\/2023\/12\/iluminacao-300x197.jpg 300w, https:\/\/www.franciscoleocadio.com.br\/wp-content\/uploads\/2023\/12\/iluminacao-1024x672.jpg 1024w, https:\/\/www.franciscoleocadio.com.br\/wp-content\/uploads\/2023\/12\/iluminacao-768x504.jpg 768w, https:\/\/www.franciscoleocadio.com.br\/wp-content\/uploads\/2023\/12\/iluminacao-1536x1007.jpg 1536w\" sizes=\"(max-width: 1764px) 100vw, 1764px\" \/><\/a><\/figure><div class=\"elementor-image-box-content\"><h3 class=\"elementor-image-box-title\"><a href=\"https:\/\/www.franciscoleocadio.com.br\/index.php\/iluminacao\/\">Ilumina\u00e7\u00e3o<\/a><\/h3><p class=\"elementor-image-box-description\">Como desdobramento do meu envolvimento com as artes c\u00eanicas, seguem aqui trabalhos em que a luz \u00e9 a forma de express\u00e3o, tradu\u00e7\u00e3o e \u00eanfase das emo\u00e7\u00f5es de espet\u00e1culos musicais e teatrais.<\/p><\/div><\/div>\t\t\t\t<\/div>\n\t\t\t\t<\/div>\n\t\t\t\t<\/div>\n\t\t<div class=\"elementor-element elementor-element-4889755 e-con-full e-flex elementor-invisible e-con e-child\" data-id=\"4889755\" data-element_type=\"container\" data-settings=\"{&quot;background_background&quot;:&quot;classic&quot;,&quot;animation&quot;:&quot;fadeInLeft&quot;}\">\n\t\t\t\t<div class=\"elementor-element elementor-element-30c400f elementor-position-top elementor-widget elementor-widget-image-box\" data-id=\"30c400f\" data-element_type=\"widget\" data-widget_type=\"image-box.default\">\n\t\t\t\t<div class=\"elementor-widget-container\">\n\t\t\t\t\t<div class=\"elementor-image-box-wrapper\"><figure class=\"elementor-image-box-img\"><a href=\"https:\/\/www.franciscoleocadio.com.br\/index.php\/interiores\/\" tabindex=\"-1\"><img loading=\"lazy\" decoding=\"async\" width=\"1764\" height=\"1157\" src=\"https:\/\/www.franciscoleocadio.com.br\/wp-content\/uploads\/2023\/12\/interiores.jpg\" class=\"attachment-full size-full wp-image-378\" alt=\"interiores francisco leocadio\" srcset=\"https:\/\/www.franciscoleocadio.com.br\/wp-content\/uploads\/2023\/12\/interiores.jpg 1764w, https:\/\/www.franciscoleocadio.com.br\/wp-content\/uploads\/2023\/12\/interiores-300x197.jpg 300w, https:\/\/www.franciscoleocadio.com.br\/wp-content\/uploads\/2023\/12\/interiores-1024x672.jpg 1024w, https:\/\/www.franciscoleocadio.com.br\/wp-content\/uploads\/2023\/12\/interiores-768x504.jpg 768w, https:\/\/www.franciscoleocadio.com.br\/wp-content\/uploads\/2023\/12\/interiores-1536x1007.jpg 1536w\" sizes=\"(max-width: 1764px) 100vw, 1764px\" \/><\/a><\/figure><div class=\"elementor-image-box-content\"><h3 class=\"elementor-image-box-title\"><a href=\"https:\/\/www.franciscoleocadio.com.br\/index.php\/interiores\/\">Interiores<\/a><\/h3><p class=\"elementor-image-box-description\">Por aqui \u00e9 poss\u00edvel ver a minha atua\u00e7\u00e3o como arquiteto na de design de interiores, comercial, corporativo e residencial. Em alguns deles,  atuo em parceria criativa, em outros,  de modo colaborativo.<\/p><\/div><\/div>\t\t\t\t<\/div>\n\t\t\t\t<\/div>\n\t\t\t\t<\/div>\n\t\t\t\t<\/div>\n\t\t\t\t<\/div>\n\t\t","protected":false},"excerpt":{"rendered":"<p>Arquiteto formado pela UFRJ, em 1994. Mestre e Doutor em Artes C\u00eanicas pela UNIRio. Sua pr\u00e1tica profissional \u00e9 concentrada nas \u00e1reas de Arquitetura, Ilumina\u00e7\u00e3o e Cenografia. Vasta experi\u00eancia como docente nas institui\u00e7\u00f5es FAU-UFRJ, EBA-UFRJ, Universidade Veiga de Almeida, SENAC-RJ e Istituto Europeo di Design (IED) Rio.\u00a0 Um dos coordenadores do Urban Sketchers Rio e \u00e9 [&hellip;]<\/p>\n","protected":false},"author":1,"featured_media":0,"parent":0,"menu_order":0,"comment_status":"closed","ping_status":"closed","template":"","meta":{"footnotes":""},"class_list":["post-11","page","type-page","status-publish","hentry"],"_links":{"self":[{"href":"https:\/\/www.franciscoleocadio.com.br\/index.php\/wp-json\/wp\/v2\/pages\/11","targetHints":{"allow":["GET"]}}],"collection":[{"href":"https:\/\/www.franciscoleocadio.com.br\/index.php\/wp-json\/wp\/v2\/pages"}],"about":[{"href":"https:\/\/www.franciscoleocadio.com.br\/index.php\/wp-json\/wp\/v2\/types\/page"}],"author":[{"embeddable":true,"href":"https:\/\/www.franciscoleocadio.com.br\/index.php\/wp-json\/wp\/v2\/users\/1"}],"replies":[{"embeddable":true,"href":"https:\/\/www.franciscoleocadio.com.br\/index.php\/wp-json\/wp\/v2\/comments?post=11"}],"version-history":[{"count":85,"href":"https:\/\/www.franciscoleocadio.com.br\/index.php\/wp-json\/wp\/v2\/pages\/11\/revisions"}],"predecessor-version":[{"id":899,"href":"https:\/\/www.franciscoleocadio.com.br\/index.php\/wp-json\/wp\/v2\/pages\/11\/revisions\/899"}],"wp:attachment":[{"href":"https:\/\/www.franciscoleocadio.com.br\/index.php\/wp-json\/wp\/v2\/media?parent=11"}],"curies":[{"name":"wp","href":"https:\/\/api.w.org\/{rel}","templated":true}]}}